{"id":6354,"date":"2025-12-07T20:12:53","date_gmt":"2025-12-07T19:12:53","guid":{"rendered":"https:\/\/ogcrush.com\/product\/cepice-ogc-fullmelt-beanie-119-90um\/"},"modified":"2025-12-07T20:12:53","modified_gmt":"2025-12-07T19:12:53","slug":"cepice-ogc-fullmelt-beanie-119-90um","status":"publish","type":"product","link":"https:\/\/ogcrush.com\/cs\/product\/cepice-ogc-fullmelt-beanie-119-90um\/","title":{"rendered":"\u010cepice OGC Fullmelt Beanie &#8211; 119-90um"},"content":{"rendered":"<h3>\u010cepice Fullmelt Beanie &#8211; Nov\u00fd kousek pro chladn\u00e9 zimn\u00ed dny nebo chladnej lab.<\/h3>\n<p>Z\u016fsta\u0148te v teple. Na\u0161e \u010dern\u00e1 \u010depice Fullmelt Beanie je ide\u00e1ln\u00edm spole\u010dn\u00edkem pro mraziv\u00e1 r\u00e1na, dlouh\u00e9 st\u0159\u00edh\u00e1n\u00ed nebo hodiny str\u00e1ven\u00e9 v chlad\u00e9m labu.<br \/>\nM\u011bkk\u00fd \u00faplet z recyklovan\u00e9ho polyesteru v\u00e1m zajist\u00ed pohodl\u00ed, zat\u00edmco v\u00fdrazn\u00e1 n\u00e1\u0161ivka 119-90 \u03bcm &#8211; full melt d\u00e1 ka\u017ed\u00e9mu najevo, \u017ee si v\u00e1\u017e\u00edte t\u011bch nejlep\u0161\u00edch t\u0159\u00edd.<\/p>\n<p>Make hash, not hate.<br \/>\n\u010cist\u00fd, univerz\u00e1ln\u00ed kus zbo\u017e\u00ed, kter\u00fd se hod\u00ed pro ka\u017ed\u00e9ho &#8211; venku, uvnit\u0159 a v\u0161ude, kde pracujete s ledem.<\/p>\n","protected":false},"excerpt":{"rendered":"<p>Stay warm and stay in the full-melt mindset. Na\u0161e \u010dern\u00e1 \u010depice Fullmelt Beanie je ide\u00e1ln\u00edm spole\u010dn\u00edkem pro mraziv\u00e1 r\u00e1na, dlouh\u00e9 st\u0159\u00edh\u00e1n\u00ed nebo hodiny str\u00e1ven\u00e9 v chlad\u00e9m labu.<\/p>\n","protected":false},"featured_media":6359,"comment_status":"open","ping_status":"closed","template":"","meta":[],"product_brand":[],"product_cat":[88],"product_tag":[],"class_list":{"0":"post-6354","1":"product","2":"type-product","3":"status-publish","4":"has-post-thumbnail","6":"product_cat-merch-2","8":"first","9":"instock","10":"shipping-taxable","11":"purchasable","12":"product-type-simple"},"_links":{"self":[{"href":"https:\/\/ogcrush.com\/cs\/wp-json\/wp\/v2\/product\/6354","targetHints":{"allow":["GET"]}}],"collection":[{"href":"https:\/\/ogcrush.com\/cs\/wp-json\/wp\/v2\/product"}],"about":[{"href":"https:\/\/ogcrush.com\/cs\/wp-json\/wp\/v2\/types\/product"}],"replies":[{"embeddable":true,"href":"https:\/\/ogcrush.com\/cs\/wp-json\/wp\/v2\/comments?post=6354"}],"wp:featuredmedia":[{"embeddable":true,"href":"https:\/\/ogcrush.com\/cs\/wp-json\/wp\/v2\/media\/6359"}],"wp:attachment":[{"href":"https:\/\/ogcrush.com\/cs\/wp-json\/wp\/v2\/media?parent=6354"}],"wp:term":[{"taxonomy":"product_brand","embeddable":true,"href":"https:\/\/ogcrush.com\/cs\/wp-json\/wp\/v2\/product_brand?post=6354"},{"taxonomy":"product_cat","embeddable":true,"href":"https:\/\/ogcrush.com\/cs\/wp-json\/wp\/v2\/product_cat?post=6354"},{"taxonomy":"product_tag","embeddable":true,"href":"https:\/\/ogcrush.com\/cs\/wp-json\/wp\/v2\/product_tag?post=6354"}],"curies":[{"name":"wp","href":"https:\/\/api.w.org\/{rel}","templated":true}]}}