{"id":6307,"date":"2025-11-22T00:05:51","date_gmt":"2025-11-21T23:05:51","guid":{"rendered":"https:\/\/ogcrush.com\/?post_type=product&#038;p=6307"},"modified":"2025-11-22T00:21:37","modified_gmt":"2025-11-21T23:21:37","slug":"75l-ice-water-bags-8-set","status":"publish","type":"product","link":"https:\/\/ogcrush.com\/cs\/product\/75l-ice-water-bags-8-set\/","title":{"rendered":"75L Ice Water Bags (8 set)"},"content":{"rendered":"<h3>Ice Water Bags \u2013 75L sada pro efektivn\u00ed filtrov\u00e1n\u00ed ledovou vodou (8 kus\u016f)<\/h3>\n<p>Na\u0161e 75litrov\u00e1 sada Ice Water Bags obsahuje 8 kus\u016f filtra\u010dn\u00edch pytl\u016f, navr\u017een\u00fdch pro pohodln\u00e9 a spolehliv\u00e9 filtrov\u00e1n\u00ed p\u0159i pr\u00e1ci s ledovou vodou. D\u00edky pr\u016fm\u011bru 47 cm se pytle snadno pln\u00ed a dob\u0159e sed\u00ed do v\u011bt\u0161iny standardn\u00edch n\u00e1dob.<\/p>\n<p>Pytle jsou vyrobeny z potravin\u00e1\u0159sk\u00e9 nylonov\u00e9 s\u00ed\u0165oviny, kter\u00e1 zaji\u0161\u0165uje dlouhou \u017eivotnost, rychl\u00e9 \u010di\u0161t\u011bn\u00ed a konzistentn\u00ed v\u00fdkon p\u0159i ka\u017ed\u00e9m pou\u017eit\u00ed.<\/p>\n<h3>Technick\u00e9 specifikace \u2013 75L Ice Water Bags (8 kus\u016f)<\/h3>\n<p>Pr\u016fm\u011br: 47 cm<br \/>\nMikronov\u00e9 velikosti v sad\u011b (8 \u00farovn\u00ed):<\/p>\n<ol>\n<li>220 \u03bcm<\/li>\n<li>190 \u03bcm<\/li>\n<li>160 \u03bcm<\/li>\n<li>120 \u03bcm<\/li>\n<li>90 \u03bcm<\/li>\n<li>73 \u03bcm<\/li>\n<li>45 \u03bcm<\/li>\n<li>25 \u03bcm<\/li>\n<\/ol>\n<p>Ka\u017ed\u00fd pytel je navr\u017een tak, aby zajistil plynul\u00fd pr\u016ftok a efektivn\u00ed separaci podle zvolen\u00e9 mikronov\u00e9 velikosti.<\/p>\n","protected":false},"excerpt":{"rendered":"<p>Na\u0161e 75litrov\u00e1 sada Ice Water Bags obsahuje 8 kus\u016f filtra\u010dn\u00edch pytl\u016f, navr\u017een\u00fdch pro pohodln\u00e9 a spolehliv\u00e9 filtrov\u00e1n\u00ed p\u0159i pr\u00e1ci s ledovou vodou. D\u00edky pr\u016fm\u011bru 47 cm se pytle snadno pln\u00ed a dob\u0159e sed\u00ed do v\u011bt\u0161iny standardn\u00edch n\u00e1dob.<\/p>\n","protected":false},"featured_media":6297,"comment_status":"open","ping_status":"closed","template":"","meta":[],"product_brand":[],"product_cat":[134],"product_tag":[],"class_list":{"0":"post-6307","1":"product","2":"type-product","3":"status-publish","4":"has-post-thumbnail","6":"product_cat-water-extraction-2-cs","8":"first","9":"instock","10":"shipping-taxable","11":"purchasable","12":"product-type-simple"},"_links":{"self":[{"href":"https:\/\/ogcrush.com\/cs\/wp-json\/wp\/v2\/product\/6307","targetHints":{"allow":["GET"]}}],"collection":[{"href":"https:\/\/ogcrush.com\/cs\/wp-json\/wp\/v2\/product"}],"about":[{"href":"https:\/\/ogcrush.com\/cs\/wp-json\/wp\/v2\/types\/product"}],"replies":[{"embeddable":true,"href":"https:\/\/ogcrush.com\/cs\/wp-json\/wp\/v2\/comments?post=6307"}],"wp:featuredmedia":[{"embeddable":true,"href":"https:\/\/ogcrush.com\/cs\/wp-json\/wp\/v2\/media\/6297"}],"wp:attachment":[{"href":"https:\/\/ogcrush.com\/cs\/wp-json\/wp\/v2\/media?parent=6307"}],"wp:term":[{"taxonomy":"product_brand","embeddable":true,"href":"https:\/\/ogcrush.com\/cs\/wp-json\/wp\/v2\/product_brand?post=6307"},{"taxonomy":"product_cat","embeddable":true,"href":"https:\/\/ogcrush.com\/cs\/wp-json\/wp\/v2\/product_cat?post=6307"},{"taxonomy":"product_tag","embeddable":true,"href":"https:\/\/ogcrush.com\/cs\/wp-json\/wp\/v2\/product_tag?post=6307"}],"curies":[{"name":"wp","href":"https:\/\/api.w.org\/{rel}","templated":true}]}}