{"id":6262,"date":"2025-11-02T14:07:57","date_gmt":"2025-11-02T13:07:57","guid":{"rendered":"https:\/\/ogcrush.com\/?post_type=product&#038;p=6262"},"modified":"2025-11-02T14:10:44","modified_gmt":"2025-11-02T13:10:44","slug":"og-bigsquish-extrakcni-nylonove-sacky-160-%c2%b5","status":"publish","type":"product","link":"https:\/\/ogcrush.com\/cs\/product\/og-bigsquish-extrakcni-nylonove-sacky-160-%c2%b5\/","title":{"rendered":"OG BIGsquish Extrak\u010dn\u00ed nylonov\u00e9 s\u00e1\u010dky \u2013 160 \u00b5"},"content":{"rendered":"<p><strong>Velk\u00e9 lisovac\u00ed s\u00e1\u010dky na kalafunu do 70 g<\/strong><\/p>\n<h3>Funkce<\/h3>\n<ul>\n<li>Velikost: 75&#215;180 mm<\/li>\n<li>100% nylonov\u00e9 filtry pro extrakci kv\u011bt\u016f<\/li>\n<li>Tepeln\u00e1 odolnost a\u017e do &lt; 300\u00b0F \/ 149\u00b0C<\/li>\n<li>Potravin\u00e1\u0159sk\u00e1 t\u0159\u00edda<\/li>\n<li>Bez barviv<\/li>\n<\/ul>\n<h3 class=\"s8gg2 _2UIKs\" data-hook=\"info-section-title\">Specifikace<\/h3>\n<div class=\"_2tV5m cell\">\n<ul>\n<li>Materi\u00e1l: \u017e\u00e1ruvzdorn\u00e1 nylonov\u00e1 s\u00ed\u0165ovina<\/li>\n<li>\u0160\u00ed\u0159ka: 75 mm<\/li>\n<li>D\u00e9lka: 180 mm<\/li>\n<li>Mikron: 160\u00b5<\/li>\n<li>Barva: b\u00edl\u00e1<\/li>\n<\/ul>\n<\/div>\n<h3>Doporu\u010den\u00ed<\/h3>\n<ul>\n<li>Max. teplota: &lt; 300\u00b0F \/ 149\u00b0C<\/li>\n<li>Nepou\u017e\u00edvejte v\u00edce ne\u017e 70 g trichom\u016f<\/li>\n<li>Doporu\u010den\u00e9 trojit\u00e9 balen\u00ed s v\u011bt\u0161\u00edm mno\u017estv\u00edm prysky\u0159ice<\/li>\n<\/ul>\n<h3>Souvisej\u00edc\u00ed produkty<\/h3>\n<ul>\n<li><a href=\"\/?p=3023\">Lis na kalafunu OG10pro<\/a><\/li>\n<\/ul>\n","protected":false},"excerpt":{"rendered":"<p>Velk\u00e9 s\u00e1\u010dky pro lisov\u00e1n\u00ed kalafuny! A\u017e 70 g trichom\u016f \ud83d\udd25<\/p>\n<p>Big Squish Rosin Press s\u00e1\u010dky! A\u017e 70g trichom\u016f<br \/>\nTyhle 75x180mm s\u00e1\u010dky jsou d\u011blan\u00fd na maxim\u00e1ln\u00ed v\u00fdnosy, 100% tepluodolnej, potravin\u00e1\u0159skej nylon bez zbyte\u010dn\u00fdch barviv \u2013 jen \u010dist\u00e1 kvalita. S na\u0161\u00ed 160\u00b5 mikronovou s\u00ed\u0165kou dostane\u0161 ty nej\u010dist\u0161\u00ed terpy vysledky, co tv\u016fj materi\u00e1l nab\u00edz\u00ed.<br \/>\nVytun si svou rosin hru na nov\u00fd level! \u017d\u00e1dn\u00e1 barviva, jen \u010dist\u00fd v\u00fdkon. Nej\u010dist\u0161\u00ed v\u00fdsledky z\u00edsk\u00e1te s na\u0161\u00ed 160\u00b5 mikronovou s\u00ed\u0165kou.<\/p>\n<p>Vylep\u0161ete svou hru s kalafunou je\u0161t\u011b dnes!<\/p>\n","protected":false},"featured_media":6264,"comment_status":"open","ping_status":"closed","template":"","meta":[],"product_brand":[],"product_cat":[83],"product_tag":[],"class_list":{"0":"post-6262","1":"product","2":"type-product","3":"status-publish","4":"has-post-thumbnail","6":"product_cat-rosin-press-prislusenstvi","8":"first","9":"instock","10":"shipping-taxable","11":"purchasable","12":"product-type-simple"},"_links":{"self":[{"href":"https:\/\/ogcrush.com\/cs\/wp-json\/wp\/v2\/product\/6262","targetHints":{"allow":["GET"]}}],"collection":[{"href":"https:\/\/ogcrush.com\/cs\/wp-json\/wp\/v2\/product"}],"about":[{"href":"https:\/\/ogcrush.com\/cs\/wp-json\/wp\/v2\/types\/product"}],"replies":[{"embeddable":true,"href":"https:\/\/ogcrush.com\/cs\/wp-json\/wp\/v2\/comments?post=6262"}],"wp:featuredmedia":[{"embeddable":true,"href":"https:\/\/ogcrush.com\/cs\/wp-json\/wp\/v2\/media\/6264"}],"wp:attachment":[{"href":"https:\/\/ogcrush.com\/cs\/wp-json\/wp\/v2\/media?parent=6262"}],"wp:term":[{"taxonomy":"product_brand","embeddable":true,"href":"https:\/\/ogcrush.com\/cs\/wp-json\/wp\/v2\/product_brand?post=6262"},{"taxonomy":"product_cat","embeddable":true,"href":"https:\/\/ogcrush.com\/cs\/wp-json\/wp\/v2\/product_cat?post=6262"},{"taxonomy":"product_tag","embeddable":true,"href":"https:\/\/ogcrush.com\/cs\/wp-json\/wp\/v2\/product_tag?post=6262"}],"curies":[{"name":"wp","href":"https:\/\/api.w.org\/{rel}","templated":true}]}}