{"id":5915,"date":"2024-11-15T15:31:50","date_gmt":"2024-11-15T14:31:50","guid":{"rendered":"https:\/\/ogcrush.com\/product\/bubble-hash-bags\/"},"modified":"2025-11-21T23:53:07","modified_gmt":"2025-11-21T22:53:07","slug":"bubble-hash-bags","status":"publish","type":"product","link":"https:\/\/ogcrush.com\/cs\/product\/bubble-hash-bags\/","title":{"rendered":"Ice Water Bags \u2013 25L (6sada)"},"content":{"rendered":"<h4>Ice Water Bags \u2013 25L sada pro \u010distou a efektivn\u00ed pr\u00e1ci<\/h4>\n<p>Na\u0161e 25litrov\u00e1 (5\u20136galonov\u00e1) sada Ice Water Bags je navr\u017eena pro u\u017eivatele, kte\u0159\u00ed pot\u0159ebuj\u00ed spolehliv\u00e9 a kompaktn\u00ed \u0159e\u0161en\u00ed pro filtrov\u00e1n\u00ed v praktick\u00e9m men\u0161\u00edm objemu. D\u00edky pr\u016fm\u011bru 33 cm pytle snadno nasad\u00edte na v\u011bt\u0161inu standardn\u00edch 20\u201330litrov\u00fdch kbel\u00edk\u016f, tak\u017ee p\u0159\u00edprava je rychl\u00e1 a pohodln\u00e1 jak doma, tak i v ter\u00e9nu.<\/p>\n<p>Ka\u017ed\u00fd pytel je vyroben z potravin\u00e1\u0159sk\u00e9 nylonov\u00e9 s\u00ed\u0165oviny, kter\u00e1 zaji\u0161\u0165uje dlouhou \u017eivotnost, snadn\u00e9 \u010di\u0161t\u011bn\u00ed a konzistentn\u00ed filtra\u010dn\u00ed kvalitu. Lehk\u00e1 konstrukce a zes\u00edlen\u00e9 \u0161vy poskytuj\u00ed stabiln\u00ed v\u00fdkon i p\u0159i opakovan\u00e9m pou\u017e\u00edv\u00e1n\u00ed.<\/p>\n<p>Technick\u00e9 specifikace \u2013 25L Ice Water Bags (velikosti mikron\u016f)<\/p>\n<p>Sada obsahuje 6 kl\u00ed\u010dov\u00fdch mikronov\u00fdch velikost\u00ed:<\/p>\n<ol>\n<li>220 \u03bcm<\/li>\n<li>160 \u03bcm<\/li>\n<li>120 \u03bcm<\/li>\n<li>90 \u03bcm<\/li>\n<li>73 \u03bcm<\/li>\n<li>45 \u03bcm<\/li>\n<\/ol>\n<p>Ka\u017ed\u00fd pytel je navr\u017een tak, aby zajistil plynul\u00fd pr\u016ftok, stabiln\u00ed tvar a p\u0159ehledn\u00e9 odd\u011blen\u00ed materi\u00e1lu podle zvolen\u00e9ho mikronu.<\/p>\n","protected":false},"excerpt":{"rendered":"<p>Ice Water Bags \u2013 25L sada pro \u010distou a efektivn\u00ed pr\u00e1ci Na\u0161e 25litrov\u00e1 (5\u20136galonov\u00e1) sada Ice Water Bags je navr\u017eena pro u\u017eivatele, kte\u0159\u00ed pot\u0159ebuj\u00ed spolehliv\u00e9 a kompaktn\u00ed \u0159e\u0161en\u00ed pro filtrov\u00e1n\u00ed v praktick\u00e9m men\u0161\u00edm objemu. D\u00edky pr\u016fm\u011bru 33 cm pytle snadno nasad\u00edte na v\u011bt\u0161inu standardn\u00edch 20\u201330litrov\u00fdch kbel\u00edk\u016f, tak\u017ee p\u0159\u00edprava je rychl\u00e1 a pohodln\u00e1 jak doma, tak [&hellip;]<\/p>\n","protected":false},"featured_media":6291,"comment_status":"open","ping_status":"closed","template":"","meta":[],"product_brand":[],"product_cat":[134],"product_tag":[],"class_list":{"0":"post-5915","1":"product","2":"type-product","3":"status-publish","4":"has-post-thumbnail","6":"product_cat-water-extraction-2-cs","8":"first","9":"instock","10":"shipping-taxable","11":"purchasable","12":"product-type-simple"},"_links":{"self":[{"href":"https:\/\/ogcrush.com\/cs\/wp-json\/wp\/v2\/product\/5915","targetHints":{"allow":["GET"]}}],"collection":[{"href":"https:\/\/ogcrush.com\/cs\/wp-json\/wp\/v2\/product"}],"about":[{"href":"https:\/\/ogcrush.com\/cs\/wp-json\/wp\/v2\/types\/product"}],"replies":[{"embeddable":true,"href":"https:\/\/ogcrush.com\/cs\/wp-json\/wp\/v2\/comments?post=5915"}],"wp:featuredmedia":[{"embeddable":true,"href":"https:\/\/ogcrush.com\/cs\/wp-json\/wp\/v2\/media\/6291"}],"wp:attachment":[{"href":"https:\/\/ogcrush.com\/cs\/wp-json\/wp\/v2\/media?parent=5915"}],"wp:term":[{"taxonomy":"product_brand","embeddable":true,"href":"https:\/\/ogcrush.com\/cs\/wp-json\/wp\/v2\/product_brand?post=5915"},{"taxonomy":"product_cat","embeddable":true,"href":"https:\/\/ogcrush.com\/cs\/wp-json\/wp\/v2\/product_cat?post=5915"},{"taxonomy":"product_tag","embeddable":true,"href":"https:\/\/ogcrush.com\/cs\/wp-json\/wp\/v2\/product_tag?post=5915"}],"curies":[{"name":"wp","href":"https:\/\/api.w.org\/{rel}","templated":true}]}}