{"id":4556,"date":"2024-11-15T15:32:06","date_gmt":"2024-11-15T14:32:06","guid":{"rendered":"https:\/\/ogcrush.com\/?post_type=product&#038;p=4556"},"modified":"2024-12-07T11:23:18","modified_gmt":"2024-12-07T10:23:18","slug":"2ml-silikonova-nadoba","status":"publish","type":"product","link":"https:\/\/ogcrush.com\/cs\/product\/2ml-silikonova-nadoba\/","title":{"rendered":"2ml silikonov\u00e1 n\u00e1doba"},"content":{"rendered":"<div class=\"tlid-input input\">\n<div class=\"source-wrap\">\n<div class=\"input-full-height-wrapper tlid-input-full-height-wrapper\">\n<div class=\"source-input\">\n<div class=\"source-footer-wrap source-or-target-footer\">\n<p class=\"character-count tlid-character-count\">N\u00e1doby z <span class=\"s1\">potravin\u00e1\u0159skeho silikonu <\/span>o obsahu 2 ml lze je pou\u017e\u00edt pro nejr\u016fzn\u011bj\u0161\u00ed aplikace, kter\u00e9 jsou nejobl\u00edben\u011bj\u0161\u00ed pro skladov\u00e1n\u00ed extrakt\u016f.<\/p>\n<h2>Popis<\/h2>\n<p>&nbsp;<\/p>\n<\/div>\n<\/div>\n<\/div>\n<\/div>\n<\/div>\n<ul>\n<li class=\"p1\">Vn\u011bj\u0161\u00ed pr\u016fm\u011br: 22 mm<\/li>\n<li class=\"p1\">Vnit\u0159n\u00ed pr\u016fm\u011br: 15 mm<\/li>\n<li class=\"p1\">Vy\u0301\u0161ka: 17 mm<\/li>\n<li class=\"p1\">Hmotnost: 5 g<\/li>\n<li class=\"p1\">Kapacta: 2 m<\/li>\n<li>Pracovn\u00ed teplota: -40 \u00b0 C a\u017e + 220 \u00b0 C<\/li>\n<\/ul>\n<h2>Souvisej\u00edci produkty<\/h2>\n<ul>\n<li><a href=\"\/?p=1981\">mini Dab tool<\/a><\/li>\n<li><a href=\"\/?p=1977\">oboustrann\u00fd titanov\u00fd Dab Tool<\/a><\/li>\n<\/ul>\n<h2><a href=\"https:\/\/www.youtube.com\/watch?v=hTyNnm3xh5g&amp;t=4s\">Video manu\u00e1l<\/a><\/h2>\n","protected":false},"excerpt":{"rendered":"<div class=\"tlid-input input\">\n<div class=\"source-wrap\">\n<div class=\"input-full-height-wrapper tlid-input-full-height-wrapper\">\n<div class=\"source-input\">\n<div class=\"source-footer-wrap source-or-target-footer\">\n<div class=\"character-count tlid-character-count\">N\u00e1doby z <span class=\"s1\">potravin\u00e1\u0159skeho silikonu <\/span>o obsahu 2 ml lze je pou\u017e\u00edt pro nejr\u016fzn\u011bj\u0161\u00ed aplikace, kter\u00e9 jsou nejobl\u00edben\u011bj\u0161\u00ed pro skladov\u00e1n\u00ed extrakt\u016f.<\/div>\n<\/div>\n<h2><\/h2>\n<div class=\"source-footer-wrap source-or-target-footer\">\n<h2>Popis<\/h2>\n<p>&nbsp;<\/p>\n<\/div>\n<\/div>\n<\/div>\n<\/div>\n<\/div>\n<ul>\n<li class=\"p1\">Vn\u011bj\u0161\u00ed pr\u016fm\u011br: 22 mm<\/li>\n<li class=\"p1\">Vnit\u0159n\u00ed pr\u016fm\u011br: 15 mm<\/li>\n<li class=\"p1\">Vy\u0301\u0161ka: 17 mm<\/li>\n<li class=\"p1\">Hmotnost: 5 g<\/li>\n<li class=\"p1\">Kapacta: 2 ml<\/li>\n<li class=\"p2\">Pracovn\u00ed teplota: -40 \u00b0 C a\u017e + 220 \u00b0 C<\/li>\n<\/ul>\n","protected":false},"featured_media":806,"comment_status":"open","ping_status":"closed","template":"","meta":[],"product_brand":[],"product_cat":[85],"product_tag":[68],"class_list":{"0":"post-4556","1":"product","2":"type-product","3":"status-publish","4":"has-post-thumbnail","6":"product_cat-skladovani","7":"product_tag-rosin-cs","9":"first","10":"instock","11":"sale","12":"shipping-taxable","13":"purchasable","14":"product-type-simple"},"_links":{"self":[{"href":"https:\/\/ogcrush.com\/cs\/wp-json\/wp\/v2\/product\/4556","targetHints":{"allow":["GET"]}}],"collection":[{"href":"https:\/\/ogcrush.com\/cs\/wp-json\/wp\/v2\/product"}],"about":[{"href":"https:\/\/ogcrush.com\/cs\/wp-json\/wp\/v2\/types\/product"}],"replies":[{"embeddable":true,"href":"https:\/\/ogcrush.com\/cs\/wp-json\/wp\/v2\/comments?post=4556"}],"wp:featuredmedia":[{"embeddable":true,"href":"https:\/\/ogcrush.com\/cs\/wp-json\/wp\/v2\/media\/806"}],"wp:attachment":[{"href":"https:\/\/ogcrush.com\/cs\/wp-json\/wp\/v2\/media?parent=4556"}],"wp:term":[{"taxonomy":"product_brand","embeddable":true,"href":"https:\/\/ogcrush.com\/cs\/wp-json\/wp\/v2\/product_brand?post=4556"},{"taxonomy":"product_cat","embeddable":true,"href":"https:\/\/ogcrush.com\/cs\/wp-json\/wp\/v2\/product_cat?post=4556"},{"taxonomy":"product_tag","embeddable":true,"href":"https:\/\/ogcrush.com\/cs\/wp-json\/wp\/v2\/product_tag?post=4556"}],"curies":[{"name":"wp","href":"https:\/\/api.w.org\/{rel}","templated":true}]}}