{"id":4552,"date":"2024-11-15T15:32:05","date_gmt":"2024-11-15T14:32:05","guid":{"rendered":"https:\/\/ogcrush.com\/?post_type=product&#038;p=4552"},"modified":"2024-12-07T11:18:08","modified_gmt":"2024-12-07T10:18:08","slug":"mini-dab-tool","status":"publish","type":"product","link":"https:\/\/ogcrush.com\/cs\/product\/mini-dab-tool\/","title":{"rendered":"Mini Dab Tool"},"content":{"rendered":"<p>Mini dab tool z nerezov\u00e9 oceli pro dabov\u00e1n\u00ed, m\u00edch\u00e1n\u00ed a \u010di\u0161t\u011bn\u00ed.<\/p>\n<h2>Vlastnosti produktu<\/h2>\n<div class=\"oSioSc\">\n<div id=\"tw-target\">\n<div id=\"kAz1tf\" class=\"g9WsWb\">\n<div id=\"tw-target-text-container\" class=\"tw-ta-container tw-nfl\">\n<ul>\n<li id=\"tw-target-text\" class=\"tw-data-text tw-text-large tw-ta\" dir=\"ltr\" data-placeholder=\"Translation\"><span style=\"font-family: Georgia, 'Times New Roman', 'Bitstream Charter', Times, serif;\">Nerezov\u00e1 ocel<\/span><\/li>\n<li class=\"tw-data-text tw-text-large tw-ta\" dir=\"ltr\" data-placeholder=\"Translation\">d\u00e9lka 8 cm<\/li>\n<\/ul>\n<\/div>\n<\/div>\n<\/div>\n<\/div>\n<h2>Souvisej\u00edci produkty<\/h2>\n<ul>\n<li><a href=\"\/?p=1782\">Sklen\u011bn\u00e1 n\u00e1doba 5g<\/a><\/li>\n<li><a href=\"\/?p=1977\">Oboustrann\u00fd titanov\u00fd Dab Tool<\/a><\/li>\n<\/ul>\n","protected":false},"excerpt":{"rendered":"<p>Mini dab tool z nerezov\u00e9 oceli pro dabov\u00e1n\u00ed, m\u00edch\u00e1n\u00ed a \u010di\u0161t\u011bn\u00ed.<\/p>\n","protected":false},"featured_media":801,"comment_status":"open","ping_status":"closed","template":"","meta":[],"product_brand":[],"product_cat":[83],"product_tag":[68],"class_list":{"0":"post-4552","1":"product","2":"type-product","3":"status-publish","4":"has-post-thumbnail","6":"product_cat-rosin-press-prislusenstvi","7":"product_tag-rosin-cs","9":"first","10":"instock","11":"sale","12":"shipping-taxable","13":"purchasable","14":"product-type-simple"},"_links":{"self":[{"href":"https:\/\/ogcrush.com\/cs\/wp-json\/wp\/v2\/product\/4552","targetHints":{"allow":["GET"]}}],"collection":[{"href":"https:\/\/ogcrush.com\/cs\/wp-json\/wp\/v2\/product"}],"about":[{"href":"https:\/\/ogcrush.com\/cs\/wp-json\/wp\/v2\/types\/product"}],"replies":[{"embeddable":true,"href":"https:\/\/ogcrush.com\/cs\/wp-json\/wp\/v2\/comments?post=4552"}],"wp:featuredmedia":[{"embeddable":true,"href":"https:\/\/ogcrush.com\/cs\/wp-json\/wp\/v2\/media\/801"}],"wp:attachment":[{"href":"https:\/\/ogcrush.com\/cs\/wp-json\/wp\/v2\/media?parent=4552"}],"wp:term":[{"taxonomy":"product_brand","embeddable":true,"href":"https:\/\/ogcrush.com\/cs\/wp-json\/wp\/v2\/product_brand?post=4552"},{"taxonomy":"product_cat","embeddable":true,"href":"https:\/\/ogcrush.com\/cs\/wp-json\/wp\/v2\/product_cat?post=4552"},{"taxonomy":"product_tag","embeddable":true,"href":"https:\/\/ogcrush.com\/cs\/wp-json\/wp\/v2\/product_tag?post=4552"}],"curies":[{"name":"wp","href":"https:\/\/api.w.org\/{rel}","templated":true}]}}