{"id":4550,"date":"2024-11-15T15:32:05","date_gmt":"2024-11-15T14:32:05","guid":{"rendered":"https:\/\/ogcrush.com\/?post_type=product&#038;p=4550"},"modified":"2024-12-07T11:26:01","modified_gmt":"2024-12-07T10:26:01","slug":"strikacka-sklenena-1-ml","status":"publish","type":"product","link":"https:\/\/ogcrush.com\/cs\/product\/strikacka-sklenena-1-ml\/","title":{"rendered":"St\u0159\u00edka\u010dka sklen\u011bn\u00e1 &#8211; 1 ml"},"content":{"rendered":"<div class=\"tlid-input input\">\n<div class=\"source-wrap\">\n<div class=\"input-full-height-wrapper tlid-input-full-height-wrapper\">\n<div class=\"source-input\">\n<div class=\"source-footer-wrap source-or-target-footer\">\n<p class=\"p1\"><strong>St\u0159\u00edka\u010dka sklen\u011bn\u00e1<\/strong><\/p>\n<p>1 ml<\/p>\n<\/div>\n<\/div>\n<\/div>\n<\/div>\n<\/div>\n<h3>Popis<\/h3>\n<ul>\n<li>\n<p class=\"p1\"><span class=\"s1\">2,2 cm vysok\u00fd (v\u010detn\u011b v\u00edka)<\/span><\/p>\n<\/li>\n<li>\n<p class=\"p1\"><span class=\"s1\">\u010cern\u00e9 v\u00edko<\/span><\/p>\n<\/li>\n<li>\n<p class=\"p1\"><span class=\"s1\">\u010c<\/span><span class=\"s2\">ern\u00e9<\/span><span class=\"s1\"> sklo<\/span><\/p>\n<\/li>\n<\/ul>\n<h3>Souvisej\u00edci produkty<\/h3>\n<ul>\n<li><a href=\"\/?p=1981\">Mini dab tool<\/a><\/li>\n<li><a href=\"\/?p=1977\">Oboustrann\u00fd titanov\u00fd dab tool<\/a><\/li>\n<\/ul>\n<h5><a href=\"https:\/\/www.youtube.com\/watch?v=hTyNnm3xh5g&amp;t=4s\">Video manu\u00e1l<\/a><\/h5>\n","protected":false},"excerpt":{"rendered":"<p>1 ml<\/p>\n","protected":false},"featured_media":798,"comment_status":"open","ping_status":"closed","template":"","meta":[],"product_brand":[],"product_cat":[85],"product_tag":[68],"class_list":{"0":"post-4550","1":"product","2":"type-product","3":"status-publish","4":"has-post-thumbnail","6":"product_cat-skladovani","7":"product_tag-rosin-cs","9":"first","10":"outofstock","11":"sale","12":"shipping-taxable","13":"purchasable","14":"product-type-simple"},"_links":{"self":[{"href":"https:\/\/ogcrush.com\/cs\/wp-json\/wp\/v2\/product\/4550","targetHints":{"allow":["GET"]}}],"collection":[{"href":"https:\/\/ogcrush.com\/cs\/wp-json\/wp\/v2\/product"}],"about":[{"href":"https:\/\/ogcrush.com\/cs\/wp-json\/wp\/v2\/types\/product"}],"replies":[{"embeddable":true,"href":"https:\/\/ogcrush.com\/cs\/wp-json\/wp\/v2\/comments?post=4550"}],"wp:featuredmedia":[{"embeddable":true,"href":"https:\/\/ogcrush.com\/cs\/wp-json\/wp\/v2\/media\/798"}],"wp:attachment":[{"href":"https:\/\/ogcrush.com\/cs\/wp-json\/wp\/v2\/media?parent=4550"}],"wp:term":[{"taxonomy":"product_brand","embeddable":true,"href":"https:\/\/ogcrush.com\/cs\/wp-json\/wp\/v2\/product_brand?post=4550"},{"taxonomy":"product_cat","embeddable":true,"href":"https:\/\/ogcrush.com\/cs\/wp-json\/wp\/v2\/product_cat?post=4550"},{"taxonomy":"product_tag","embeddable":true,"href":"https:\/\/ogcrush.com\/cs\/wp-json\/wp\/v2\/product_tag?post=4550"}],"curies":[{"name":"wp","href":"https:\/\/api.w.org\/{rel}","templated":true}]}}