{"id":4525,"date":"2024-11-15T15:31:52","date_gmt":"2024-11-15T14:31:52","guid":{"rendered":"https:\/\/ogcrush.com\/?post_type=product&#038;p=4525"},"modified":"2024-12-07T11:27:13","modified_gmt":"2024-12-07T10:27:13","slug":"sklenena-nadoba-5g","status":"publish","type":"product","link":"https:\/\/ogcrush.com\/cs\/product\/sklenena-nadoba-5g\/","title":{"rendered":"Sklen\u011bn\u00e1 n\u00e1doba 5g"},"content":{"rendered":"<div class=\"tlid-input input\">\n<div class=\"source-wrap\">\n<div class=\"input-full-height-wrapper tlid-input-full-height-wrapper\">\n<div class=\"source-input\">\n<div class=\"source-footer-wrap source-or-target-footer\">\n<p><strong>Sklen\u011bn\u00e1 n\u00e1doba 5g<\/strong><\/p>\n<p class=\"character-count tlid-character-count\">Sklen\u011bn\u00e1 n\u00e1doba z \u010dir\u00e9ho skla o obsahu 5 g jsou dod\u00e1v\u00e1ny s \u010dern\u00fdmi v\u00ed\u010dky a lze je pou\u017e\u00edt pro nejr\u016fzn\u011bj\u0161\u00ed aplikace, kter\u00e9 jsou nejobl\u00edben\u011bj\u0161\u00ed pro skladov\u00e1n\u00ed extrakt\u016f.<\/p>\n<\/div>\n<\/div>\n<\/div>\n<\/div>\n<\/div>\n<h3>Popis<\/h3>\n<ul>\n<li>2,2 cm vysok\u00fd (v\u010detn\u011b v\u00edka)<\/li>\n<li>2 cm vysok\u00fd (bez v\u00edka)<\/li>\n<li>4 cm pr\u016fm\u011br<\/li>\n<li>\u010cern\u00e9 v\u00edko<\/li>\n<li>\u010cir\u00e9 sklo<\/li>\n<\/ul>\n<h3>Souvisej\u00edci produkty<\/h3>\n<ul>\n<li><a href=\"https:\/\/www.ogcrush.com\/cs\/produkt\/mini-dab-tool\/\">Mini dab tool<\/a><\/li>\n<li><a href=\"https:\/\/www.ogcrush.com\/cs\/produkt\/dab-tool\/\">Oboustrann\u00fd titanov\u00fd dab tool<\/a><\/li>\n<\/ul>\n<h5><a href=\"https:\/\/www.youtube.com\/watch?v=hTyNnm3xh5g&amp;t=4s\">Video manu\u00e1l<\/a><\/h5>\n","protected":false},"excerpt":{"rendered":"<div class=\"tlid-input input\">\n<div class=\"source-wrap\">\n<div class=\"input-full-height-wrapper tlid-input-full-height-wrapper\">\n<div class=\"source-input\">\n<div class=\"source-footer-wrap source-or-target-footer\">\n<div class=\"character-count tlid-character-count\"><\/div>\n<\/div>\n<\/div>\n<\/div>\n<\/div>\n<\/div>\n<div class=\"tlid-results-container results-container\">\n<div class=\"tlid-result result-dict-wrapper\">\n<div class=\"result tlid-copy-target\">\n<div class=\"text-wrap tlid-copy-target\">\n<div class=\"result-shield-container tlid-copy-target\" tabindex=\"0\"><span class=\"tlid-translation translation\" lang=\"cs\"><span class=\"\" title=\"\">N\u00e1doby z \u010dir\u00e9ho skla o obsahu 5 g jsou dod\u00e1v\u00e1ny s \u010dern\u00fdmi v\u00ed\u010dky a lze je pou\u017e\u00edt pro nejr\u016fzn\u011bj\u0161\u00ed aplikace, kter\u00e9 jsou nejobl\u00edben\u011bj\u0161\u00ed pro skladov\u00e1n\u00ed extrakt\u016f.<\/span><\/span><\/div>\n<\/div>\n<\/div>\n<\/div>\n<\/div>\n","protected":false},"featured_media":698,"comment_status":"open","ping_status":"closed","template":"","meta":[],"product_brand":[],"product_cat":[85],"product_tag":[68],"class_list":{"0":"post-4525","1":"product","2":"type-product","3":"status-publish","4":"has-post-thumbnail","6":"product_cat-skladovani","7":"product_tag-rosin-cs","9":"first","10":"instock","11":"sale","12":"shipping-taxable","13":"purchasable","14":"product-type-simple"},"_links":{"self":[{"href":"https:\/\/ogcrush.com\/cs\/wp-json\/wp\/v2\/product\/4525","targetHints":{"allow":["GET"]}}],"collection":[{"href":"https:\/\/ogcrush.com\/cs\/wp-json\/wp\/v2\/product"}],"about":[{"href":"https:\/\/ogcrush.com\/cs\/wp-json\/wp\/v2\/types\/product"}],"replies":[{"embeddable":true,"href":"https:\/\/ogcrush.com\/cs\/wp-json\/wp\/v2\/comments?post=4525"}],"wp:featuredmedia":[{"embeddable":true,"href":"https:\/\/ogcrush.com\/cs\/wp-json\/wp\/v2\/media\/698"}],"wp:attachment":[{"href":"https:\/\/ogcrush.com\/cs\/wp-json\/wp\/v2\/media?parent=4525"}],"wp:term":[{"taxonomy":"product_brand","embeddable":true,"href":"https:\/\/ogcrush.com\/cs\/wp-json\/wp\/v2\/product_brand?post=4525"},{"taxonomy":"product_cat","embeddable":true,"href":"https:\/\/ogcrush.com\/cs\/wp-json\/wp\/v2\/product_cat?post=4525"},{"taxonomy":"product_tag","embeddable":true,"href":"https:\/\/ogcrush.com\/cs\/wp-json\/wp\/v2\/product_tag?post=4525"}],"curies":[{"name":"wp","href":"https:\/\/api.w.org\/{rel}","templated":true}]}}