{"id":4524,"date":"2024-11-15T15:31:52","date_gmt":"2024-11-15T14:31:52","guid":{"rendered":"https:\/\/ogcrush.com\/?post_type=product&#038;p=4524"},"modified":"2024-12-07T11:26:58","modified_gmt":"2024-12-07T10:26:58","slug":"5ml-silikonova-nadoba","status":"publish","type":"product","link":"https:\/\/ogcrush.com\/cs\/product\/5ml-silikonova-nadoba\/","title":{"rendered":"5ml silikonov\u00e1 n\u00e1doba"},"content":{"rendered":"<div class=\"tlid-input input\">\n<div class=\"source-wrap\">\n<div class=\"input-full-height-wrapper tlid-input-full-height-wrapper\">\n<div class=\"source-input\">\n<div class=\"source-footer-wrap source-or-target-footer\">\n<p><strong>5ml silikonov\u00e1 n\u00e1doba<\/strong><\/p>\n<p class=\"character-count tlid-character-count\">N\u00e1doby z <span class=\"s1\">potravin\u00e1\u0159skeho silikonu <\/span>o obsahu 5 ml lze je pou\u017e\u00edt pro nejr\u016fzn\u011bj\u0161\u00ed aplikace, kter\u00e9 jsou nejobl\u00edben\u011bj\u0161\u00ed pro skladov\u00e1n\u00ed extrakt\u016f.<\/p>\n<h3>Popis<\/h3>\n<\/div>\n<\/div>\n<\/div>\n<\/div>\n<\/div>\n<ul>\n<li class=\"p2\">5ml kulaty\u0301 silikonovy\u0301 obal<\/li>\n<li class=\"p2\">Potravin\u00e1\u0159sky\u0301 silikon<\/li>\n<li class=\"p2\">Velikost: 32&#215;19 mm<\/li>\n<li class=\"p2\">Hmotnost: 12 g<\/li>\n<li class=\"p2\">Pracovn\u00ed teplota: -40 \u00b0 C a\u017e + 220 \u00b0 C<\/li>\n<\/ul>\n<h3>Souvisej\u00edci produkty<\/h3>\n<ul>\n<li><a href=\"\/?p=1981\">Mini dab tool<\/a><\/li>\n<li><a href=\"\/?p=1977\">Oboustrann\u00fd titanov\u00fd dab tool<\/a><\/li>\n<\/ul>\n<h5><a href=\"https:\/\/www.youtube.com\/watch?v=hTyNnm3xh5g&amp;t=4s\">Video manu\u00e1l<\/a><\/h5>\n","protected":false},"excerpt":{"rendered":"<div class=\"tlid-input input\">\n<div class=\"source-wrap\">\n<div class=\"input-full-height-wrapper tlid-input-full-height-wrapper\">\n<div class=\"source-input\">\n<div class=\"source-footer-wrap source-or-target-footer\">\n<div class=\"character-count tlid-character-count\">N\u00e1doby z <span class=\"s1\">potravin\u00e1\u0159skeho silikonu <\/span>o obsahu 5 ml lze je pou\u017e\u00edt pro nejr\u016fzn\u011bj\u0161\u00ed aplikace, kter\u00e9 jsou nejobl\u00edben\u011bj\u0161\u00ed pro skladov\u00e1n\u00ed extrakt\u016f.<\/div>\n<\/div>\n<h2><\/h2>\n<div class=\"source-footer-wrap source-or-target-footer\">\n<h2>Popis<\/h2>\n<p>&nbsp;<\/p>\n<\/div>\n<\/div>\n<\/div>\n<\/div>\n<\/div>\n<ul>\n<li class=\"p1\">5ml kulaty\u0301 silikonovy\u0301 obal<\/li>\n<li class=\"p2\">Potravin\u00e1\u0159sky\u0301 silikon<\/li>\n<li class=\"p2\">Velikost: 32&#215;19 mm<\/li>\n<li class=\"p2\">Hmotnost: 12 g<\/li>\n<li class=\"p2\">Pracovn\u00ed teplota: -40 \u00b0 C a\u017e + 220 \u00b0 C<\/li>\n<\/ul>\n","protected":false},"featured_media":695,"comment_status":"open","ping_status":"closed","template":"","meta":[],"product_brand":[],"product_cat":[85],"product_tag":[68],"class_list":{"0":"post-4524","1":"product","2":"type-product","3":"status-publish","4":"has-post-thumbnail","6":"product_cat-skladovani","7":"product_tag-rosin-cs","9":"first","10":"instock","11":"sale","12":"shipping-taxable","13":"purchasable","14":"product-type-simple"},"_links":{"self":[{"href":"https:\/\/ogcrush.com\/cs\/wp-json\/wp\/v2\/product\/4524","targetHints":{"allow":["GET"]}}],"collection":[{"href":"https:\/\/ogcrush.com\/cs\/wp-json\/wp\/v2\/product"}],"about":[{"href":"https:\/\/ogcrush.com\/cs\/wp-json\/wp\/v2\/types\/product"}],"replies":[{"embeddable":true,"href":"https:\/\/ogcrush.com\/cs\/wp-json\/wp\/v2\/comments?post=4524"}],"wp:featuredmedia":[{"embeddable":true,"href":"https:\/\/ogcrush.com\/cs\/wp-json\/wp\/v2\/media\/695"}],"wp:attachment":[{"href":"https:\/\/ogcrush.com\/cs\/wp-json\/wp\/v2\/media?parent=4524"}],"wp:term":[{"taxonomy":"product_brand","embeddable":true,"href":"https:\/\/ogcrush.com\/cs\/wp-json\/wp\/v2\/product_brand?post=4524"},{"taxonomy":"product_cat","embeddable":true,"href":"https:\/\/ogcrush.com\/cs\/wp-json\/wp\/v2\/product_cat?post=4524"},{"taxonomy":"product_tag","embeddable":true,"href":"https:\/\/ogcrush.com\/cs\/wp-json\/wp\/v2\/product_tag?post=4524"}],"curies":[{"name":"wp","href":"https:\/\/api.w.org\/{rel}","templated":true}]}}