{"id":4523,"date":"2024-11-15T15:31:52","date_gmt":"2024-11-15T14:51:25","guid":{"rendered":"https:\/\/ogcrush.com\/?post_type=product&#038;p=4523"},"modified":"2024-11-15T15:51:31","modified_gmt":"2024-11-15T14:51:31","slug":"oboustranny-titanovy-dab-tool","status":"publish","type":"product","link":"https:\/\/ogcrush.com\/cs\/product\/oboustranny-titanovy-dab-tool\/","title":{"rendered":"Oboustrann\u00fd titanov\u00fd dab tool"},"content":{"rendered":"<div class=\"tabing animated animation-done bounceInUp\" data-animation=\"bounceInUp\">\n<div class=\"tab-content\">\n<div id=\"tabqa\" class=\"tab-pane active\">\n<div class=\"rte\">\n<p><strong>Oboustrann\u00fd titanov\u00fd dab tool<\/strong><\/p>\n<p>Tenhle oboustrann\u00fd dab tool &#8211; dabovac\u00ed n\u00e1stroj je vyroben z titanu t\u0159\u00eddy 2 a m\u011b\u0159\u00ed 4,75 &#8222;na d\u00e9lku. Na jedn\u00e9 stran\u011b je p\u011bkn\u00fd n\u00e1stroj na nab\u00edran\u00ed, kter\u00fd snadno uchop\u00ed velk\u00e9 mno\u017estv\u00ed materi\u00e1l\u016f, zat\u00edmco na druh\u00e9 stran\u011b je vhodn\u00fd ostr\u00fd pokerov\u00fd n\u00e1stroj pro \u010di\u0161t\u011bn\u00ed nebo se\u0161krab\u00e1v\u00e1n\u00ed.<\/p>\n<\/div>\n<\/div>\n<\/div>\n<\/div>\n<h3>Vlastnosti produktu<\/h3>\n<ul>\n<li>Stupe\u0148 2 titan dab tool<\/li>\n<li>Oboustrann\u00fd l\u017ei\u010dka a poker<\/li>\n<li>Protiskluzov\u00e9 rukojeti<\/li>\n<li>D\u00e9lka: 12cm<\/li>\n<\/ul>\n<h3>Souvisej\u00edci produkty<\/h3>\n<ul>\n<li><a href=\"\/?p=1981\">Mini dab tool<\/a><\/li>\n<li><a href=\"\/?p=1782\">Sklen\u011bn\u00e1 n\u00e1doba 5g<\/a><\/li>\n<\/ul>\n<p>&nbsp;<\/p>\n","protected":false},"excerpt":{"rendered":"<p>Tenhle oboustrann\u00fd dab tool &#8211; dabovac\u00ed n\u00e1stroj je vyroben z titanu t\u0159\u00eddy 2 a m\u011b\u0159\u00ed 4,75 &#8222;na d\u00e9lku. Na jedn\u00e9 stran\u011b je p\u011bkn\u00fd n\u00e1stroj na nab\u00edran\u00ed, kter\u00fd snadno uchop\u00ed velk\u00e9 mno\u017estv\u00ed materi\u00e1l\u016f, zat\u00edmco na druh\u00e9 stran\u011b je vhodn\u00fd ostr\u00fd pokerov\u00fd n\u00e1stroj pro \u010di\u0161t\u011bn\u00ed nebo se\u0161krab\u00e1v\u00e1n\u00ed.<\/p>\n","protected":false},"featured_media":694,"comment_status":"open","ping_status":"closed","template":"","meta":[],"product_brand":[],"product_cat":[83],"product_tag":[68],"class_list":{"0":"post-4523","1":"product","2":"type-product","3":"status-publish","4":"has-post-thumbnail","6":"product_cat-rosin-press-prislusenstvi","7":"product_tag-rosin-cs","9":"first","10":"instock","11":"sale","12":"shipping-taxable","13":"purchasable","14":"product-type-simple"},"_links":{"self":[{"href":"https:\/\/ogcrush.com\/cs\/wp-json\/wp\/v2\/product\/4523","targetHints":{"allow":["GET"]}}],"collection":[{"href":"https:\/\/ogcrush.com\/cs\/wp-json\/wp\/v2\/product"}],"about":[{"href":"https:\/\/ogcrush.com\/cs\/wp-json\/wp\/v2\/types\/product"}],"replies":[{"embeddable":true,"href":"https:\/\/ogcrush.com\/cs\/wp-json\/wp\/v2\/comments?post=4523"}],"wp:featuredmedia":[{"embeddable":true,"href":"https:\/\/ogcrush.com\/cs\/wp-json\/wp\/v2\/media\/694"}],"wp:attachment":[{"href":"https:\/\/ogcrush.com\/cs\/wp-json\/wp\/v2\/media?parent=4523"}],"wp:term":[{"taxonomy":"product_brand","embeddable":true,"href":"https:\/\/ogcrush.com\/cs\/wp-json\/wp\/v2\/product_brand?post=4523"},{"taxonomy":"product_cat","embeddable":true,"href":"https:\/\/ogcrush.com\/cs\/wp-json\/wp\/v2\/product_cat?post=4523"},{"taxonomy":"product_tag","embeddable":true,"href":"https:\/\/ogcrush.com\/cs\/wp-json\/wp\/v2\/product_tag?post=4523"}],"curies":[{"name":"wp","href":"https:\/\/api.w.org\/{rel}","templated":true}]}}