{"id":4522,"date":"2024-11-15T15:31:52","date_gmt":"2024-11-15T14:31:52","guid":{"rendered":"https:\/\/ogcrush.com\/?post_type=product&#038;p=4522"},"modified":"2024-11-15T15:51:31","modified_gmt":"2024-11-15T14:51:31","slug":"og-bigsquish-extrakcni-nylonove-sacky-25-%c2%b5","status":"publish","type":"product","link":"https:\/\/ogcrush.com\/cs\/product\/og-bigsquish-extrakcni-nylonove-sacky-25-%c2%b5\/","title":{"rendered":"OG BIGsquish Extrak\u010dn\u00ed nylonov\u00e9 s\u00e1\u010dky &#8211; 25 \u00b5"},"content":{"rendered":"<p><strong>OGBIG squish Extrak\u010dn\u00ed pytle<\/strong><\/p>\n<h3>Funkce<\/h3>\n<ul>\n<li>Rozm\u011br: 75x180mm<\/li>\n<li>100% nylonov\u00e9 extrak\u010dn\u00ed filtry pro h@ash a resin<\/li>\n<li>Tepeln\u011b odoln\u00fd a\u017e do &lt; 300 \u00b0F \/ 149 \u00b0C<\/li>\n<li>Potravin\u00e1\u0159sk\u00e1 kvalita<\/li>\n<li>Bez zabarven\u00ed<\/li>\n<\/ul>\n<h3 class=\"s8gg2 _2UIKs\" data-hook=\"info-section-title\">Specifikace<\/h3>\n<div class=\"_2tV5m cell\">\n<ul>\n<li>Materi\u00e1l: tepeln\u011b odoln\u00e1 nylonov\u00e1 s\u00ed\u0165<\/li>\n<li>\u0160\u00ed\u0159ka:75 mm<\/li>\n<li>D\u00e9lka: 180 mm<\/li>\n<li>Mikron\u016f: 25 \u00b5<\/li>\n<li>Barva: b\u00edl\u00e1<\/li>\n<\/ul>\n<\/div>\n<h3>Doporu\u010den\u00ed<\/h3>\n<ul>\n<li>Max. teplota: &lt; 300 \u00b0F \/ 149 \u00b0C<\/li>\n<li>Nepou\u017e\u00edvejte v\u00edce ne\u017e 70g<\/li>\n<li>Doporu\u010deno pouze pro jedno pou\u017eit\u00ed<\/li>\n<\/ul>\n<h3>Souvisej\u00edc\u00ed produkty<\/h3>\n<ul>\n<li><a href=\"https:\/\/www.ogcrush.com\/cs\/produkt\/rosin-lis-10t-ogpro\/\">OG10pro rosin press<\/a><\/li>\n<\/ul>\n","protected":false},"excerpt":{"rendered":"<p>Big Squish Rosin Press s\u00e1\u010dky! A\u017e 70g trichom\u016f \ud83d\udd25<\/p>\n<p>Tyhle 75x180mm s\u00e1\u010dky jsou d\u011blan\u00fd na maxim\u00e1ln\u00ed v\u00fdnosy, 100% tepluodolnej, potravin\u00e1\u0159skej nylon bez zbyte\u010dn\u00fdch barviv \u2013 jen \u010dist\u00e1 kvalita. S na\u0161\u00ed 25\u00b5 mikronovou s\u00ed\u0165kou dostane\u0161 ty nej\u010dist\u0161\u00ed terpy vysledky, co tv\u016fj materi\u00e1l nab\u00edz\u00ed.<\/p>\n<p>Vytun si svou rosin hru na nov\u00fd level!<\/p>\n","protected":false},"featured_media":689,"comment_status":"open","ping_status":"closed","template":"","meta":[],"product_brand":[],"product_cat":[83],"product_tag":[],"class_list":{"0":"post-4522","1":"product","2":"type-product","3":"status-publish","4":"has-post-thumbnail","6":"product_cat-rosin-press-prislusenstvi","8":"first","9":"instock","10":"shipping-taxable","11":"purchasable","12":"product-type-simple"},"_links":{"self":[{"href":"https:\/\/ogcrush.com\/cs\/wp-json\/wp\/v2\/product\/4522","targetHints":{"allow":["GET"]}}],"collection":[{"href":"https:\/\/ogcrush.com\/cs\/wp-json\/wp\/v2\/product"}],"about":[{"href":"https:\/\/ogcrush.com\/cs\/wp-json\/wp\/v2\/types\/product"}],"replies":[{"embeddable":true,"href":"https:\/\/ogcrush.com\/cs\/wp-json\/wp\/v2\/comments?post=4522"}],"wp:featuredmedia":[{"embeddable":true,"href":"https:\/\/ogcrush.com\/cs\/wp-json\/wp\/v2\/media\/689"}],"wp:attachment":[{"href":"https:\/\/ogcrush.com\/cs\/wp-json\/wp\/v2\/media?parent=4522"}],"wp:term":[{"taxonomy":"product_brand","embeddable":true,"href":"https:\/\/ogcrush.com\/cs\/wp-json\/wp\/v2\/product_brand?post=4522"},{"taxonomy":"product_cat","embeddable":true,"href":"https:\/\/ogcrush.com\/cs\/wp-json\/wp\/v2\/product_cat?post=4522"},{"taxonomy":"product_tag","embeddable":true,"href":"https:\/\/ogcrush.com\/cs\/wp-json\/wp\/v2\/product_tag?post=4522"}],"curies":[{"name":"wp","href":"https:\/\/api.w.org\/{rel}","templated":true}]}}