{"id":4520,"date":"2024-11-15T15:51:25","date_gmt":"2024-11-15T14:51:25","guid":{"rendered":"https:\/\/ogcrush.com\/?post_type=product&#038;p=4520"},"modified":"2024-12-06T16:33:26","modified_gmt":"2024-12-06T15:33:26","slug":"predlisovaci-forma-pro-og10t-rosin-press","status":"publish","type":"product","link":"https:\/\/ogcrush.com\/cs\/product\/predlisovaci-forma-pro-og10t-rosin-press\/","title":{"rendered":"P\u0159edlisovac\u00ed forma pro OG10T Rosin Press"},"content":{"rendered":"<p><strong>P\u0159edlisovac\u00ed forma pro OG10T Rosin Press<\/strong><\/p>\n<p>P\u0159edlisovac\u00ed forma ve tvaru v\u00e1lce V\u00e1m pom\u00fa\u017ee zv\u00fd\u0161it v\u00fdnosy a\u017e o 5% a sn\u00ed\u017eit riziko prasknut\u00ed s\u00e1\u010dku.<\/p>\n<h3>Funkce<\/h3>\n<ul>\n<li>V\u00e1lcov\u00e1 forma pro v\u00fdrobu puku<\/li>\n<li>Vhodn\u00e1 pro na\u0161e rosin s\u00e1\u010dky pro finan\u010dn\u011b \u00faspornou extrakci<\/li>\n<li>3 ks konstrukce pro snadn\u00e9 p\u0159edlisov\u00e1n\u00ed puku, a to bu\u010f ru\u010dn\u00edm tlakem anebo svorkou<\/li>\n<li>Snadn\u00e9 pou\u017eit\u00ed &#8211; rychl\u00e1 a \u010dist\u00e1 p\u0159\u00edprava kv\u011bt\u016f pro lisov\u00e1n\u00ed<\/li>\n<li>Pou\u017e\u00edvejte s kv\u011btinami 3.5 &#8211; 7 g<\/li>\n<\/ul>\n<h3>Specifikace<\/h3>\n<ul>\n<li>Vyrobeno z tvrd\u00e9ho eloxovan\u00e9ho hlin\u00edku<\/li>\n<li>Vnit\u0159n\u00ed pr\u016fm\u011br: 30 mm<\/li>\n<li>Doporu\u010dujeme tlou\u0161\u0165ku puku: 13 &#8211; 25 mm<\/li>\n<\/ul>\n<h3>Doporu\u010den\u00ed<\/h3>\n<ul>\n<li>Lisujte kv\u011bty ru\u010dn\u011b<\/li>\n<li>Pou\u017eivejte pouze cel\u00e9 kv\u011bty<\/li>\n<\/ul>\n<h3 class=\"s8gg2 _2UIKs\" data-hook=\"info-section-title\">Souvisej\u00edci produkty<\/h3>\n<ul>\n<li><a href=\"\/?p=1359\">P\u0159edlisovac\u00ed forma ve tvaru puku<\/a><\/li>\n<li><a href=\"\/?p=1737\">160<\/a>, <a href=\"\/?p=1715\">120<\/a>, <a href=\"\/?p=1704\">90<\/a>, <a href=\"\/?p=1696\">37<\/a>, <a href=\"\/?p=1726\">25<\/a>, <a href=\"\/?p=2302\">15<\/a> mikronov\u00fdch s\u00e1\u010dk\u016f<\/li>\n<li><a href=\"\/?p=1782\">Sklen\u011bn\u00e1 n\u00e1doba 5g<\/a><\/li>\n<\/ul>\n<h2><a href=\"https:\/\/youtu.be\/oTNpdvCg_7c\" target=\"_blank\" rel=\"noopener\">Pre-press video manu\u00e1l<\/a><\/h2>\n","protected":false},"excerpt":{"rendered":"<p>P\u0159edlisovac\u00ed forma ve tvaru v\u00e1lce V\u00e1m pom\u00fa\u017ee zv\u00fd\u0161it v\u00fdnosy a\u017e o 5% a sn\u00ed\u017eit riziko prasknut\u00ed s\u00e1\u010dku.<\/p>\n","protected":false},"featured_media":4204,"comment_status":"open","ping_status":"closed","template":"","meta":[],"product_brand":[],"product_cat":[83],"product_tag":[],"class_list":{"0":"post-4520","1":"product","2":"type-product","3":"status-publish","4":"has-post-thumbnail","6":"product_cat-rosin-press-prislusenstvi","8":"first","9":"instock","10":"shipping-taxable","11":"purchasable","12":"product-type-simple"},"_links":{"self":[{"href":"https:\/\/ogcrush.com\/cs\/wp-json\/wp\/v2\/product\/4520","targetHints":{"allow":["GET"]}}],"collection":[{"href":"https:\/\/ogcrush.com\/cs\/wp-json\/wp\/v2\/product"}],"about":[{"href":"https:\/\/ogcrush.com\/cs\/wp-json\/wp\/v2\/types\/product"}],"replies":[{"embeddable":true,"href":"https:\/\/ogcrush.com\/cs\/wp-json\/wp\/v2\/comments?post=4520"}],"wp:featuredmedia":[{"embeddable":true,"href":"https:\/\/ogcrush.com\/cs\/wp-json\/wp\/v2\/media\/4204"}],"wp:attachment":[{"href":"https:\/\/ogcrush.com\/cs\/wp-json\/wp\/v2\/media?parent=4520"}],"wp:term":[{"taxonomy":"product_brand","embeddable":true,"href":"https:\/\/ogcrush.com\/cs\/wp-json\/wp\/v2\/product_brand?post=4520"},{"taxonomy":"product_cat","embeddable":true,"href":"https:\/\/ogcrush.com\/cs\/wp-json\/wp\/v2\/product_cat?post=4520"},{"taxonomy":"product_tag","embeddable":true,"href":"https:\/\/ogcrush.com\/cs\/wp-json\/wp\/v2\/product_tag?post=4520"}],"curies":[{"name":"wp","href":"https:\/\/api.w.org\/{rel}","templated":true}]}}