{"id":4516,"date":"2024-11-15T15:51:25","date_gmt":"2024-11-15T14:51:25","guid":{"rendered":"https:\/\/ogcrush.com\/?post_type=product&#038;p=4516"},"modified":"2024-11-15T15:51:29","modified_gmt":"2024-11-15T14:51:29","slug":"myci-pytel-na-hash-220-micronu","status":"publish","type":"product","link":"https:\/\/ogcrush.com\/cs\/product\/myci-pytel-na-hash-220-micronu\/","title":{"rendered":"Myc\u00ed pytel na Hash &#8211; 220 Micron\u016f"},"content":{"rendered":"<p><strong>Myc\u00ed pytel na Hash<\/strong><\/p>\n<p>Zefektivn\u011bte proces v\u00fdroby bubble hashe pomoc\u00ed myc\u00edch pytl\u016f OGcrush 220\u03bcm vyroben\u00fdch na m\u00edru!<\/p>\n<p>Na\u0161e myc\u00ed pytle jsou dokonal\u00fdm \u0159e\u0161en\u00edm pro maximalizaci \u00fa\u010dinnosti a myc\u00edho objemu Va\u0161eho syst\u00e9mu extrak\u010dn\u00ed n\u00e1dob od OGcrush. Pytle OGcrush jsou vyrobeny z prvot\u0159\u00eddn\u00ed potravin\u00e1\u0159sk\u00e9 nylonov\u00e9 s\u00ed\u0165oviny a certifikovan\u00fdch materi\u00e1l\u016f, jejich\u017e c\u00edlem je zajistit, aby si v\u00e1\u0161 bubble hash p\u0159i zpracov\u00e1n\u00ed zachoval tu nejvy\u0161\u0161\u00ed kvalitu.<\/p>\n<h3>Funkce:<\/h3>\n<ul>\n<li>Myc\u00ed pytle jsou speci\u00e1ln\u011b navr\u017eeny pro na\u0161i extrak\u010dn\u00ed n\u00e1dobu OGcrush, co\u017e zaji\u0161\u0165uje p\u0159izp\u016fsoben\u00ed pro ka\u017edou velikost extrak\u010dn\u00edho syst\u00e9mu<\/li>\n<li>Ka\u017ed\u00fd myc\u00ed pytel je vybaven pevn\u00fdm polyesterem, kter\u00fd t\u011bsn\u011b obep\u00edn\u00e1 va\u0161i n\u00e1dobu a zaji\u0161\u0165uje dokonal\u00e9 uchopen\u00ed<\/li>\n<\/ul>\n<h3>Kapacita (po napln\u011bn\u00ed) a dostupn\u00e1 velikost<\/h3>\n<ul>\n<li>30 galon\u016f: vyperte a\u017e 5 000 gram\u016f \u010derstv\u011b zmrazen\u00e9ho kv\u011btu<\/li>\n<\/ul>\n<p>&nbsp;<\/p>\n<p>&nbsp;<\/p>\n","protected":false},"excerpt":{"rendered":"<p>Zefektivn\u011bte proces v\u00fdroby bubble hashe pomoc\u00ed myc\u00edch pytl\u016f OGcrush 220\u03bcm vyroben\u00fdch na m\u00edru!<\/p>\n","protected":false},"featured_media":1089,"comment_status":"open","ping_status":"closed","template":"","meta":[],"product_brand":[],"product_cat":[82],"product_tag":[],"class_list":{"0":"post-4516","1":"product","2":"type-product","3":"status-publish","4":"has-post-thumbnail","6":"product_cat-vodni-extrakce","8":"first","9":"instock","10":"sale","11":"shipping-taxable","12":"purchasable","13":"product-type-simple"},"_links":{"self":[{"href":"https:\/\/ogcrush.com\/cs\/wp-json\/wp\/v2\/product\/4516","targetHints":{"allow":["GET"]}}],"collection":[{"href":"https:\/\/ogcrush.com\/cs\/wp-json\/wp\/v2\/product"}],"about":[{"href":"https:\/\/ogcrush.com\/cs\/wp-json\/wp\/v2\/types\/product"}],"replies":[{"embeddable":true,"href":"https:\/\/ogcrush.com\/cs\/wp-json\/wp\/v2\/comments?post=4516"}],"wp:featuredmedia":[{"embeddable":true,"href":"https:\/\/ogcrush.com\/cs\/wp-json\/wp\/v2\/media\/1089"}],"wp:attachment":[{"href":"https:\/\/ogcrush.com\/cs\/wp-json\/wp\/v2\/media?parent=4516"}],"wp:term":[{"taxonomy":"product_brand","embeddable":true,"href":"https:\/\/ogcrush.com\/cs\/wp-json\/wp\/v2\/product_brand?post=4516"},{"taxonomy":"product_cat","embeddable":true,"href":"https:\/\/ogcrush.com\/cs\/wp-json\/wp\/v2\/product_cat?post=4516"},{"taxonomy":"product_tag","embeddable":true,"href":"https:\/\/ogcrush.com\/cs\/wp-json\/wp\/v2\/product_tag?post=4516"}],"curies":[{"name":"wp","href":"https:\/\/api.w.org\/{rel}","templated":true}]}}