{"id":4513,"date":"2024-11-15T15:51:24","date_gmt":"2024-11-15T14:51:24","guid":{"rendered":"https:\/\/ogcrush.com\/?post_type=product&#038;p=4513"},"modified":"2025-11-21T23:32:55","modified_gmt":"2025-11-21T22:32:55","slug":"bubble-hash-pytle-150l-40gal","status":"publish","type":"product","link":"https:\/\/ogcrush.com\/cs\/product\/bubble-hash-pytle-150l-40gal\/","title":{"rendered":"Ice Water Bags \u2013 150L"},"content":{"rendered":"<h3>Ice Water Bags \u2013 150L sada pro efektivn\u00ed ledovou extrakci<\/h3>\n<p>Na\u0161e 150litrov\u00e1 (40galonov\u00e1) sada Ice Water Bags je navr\u017een\u00e1 pro pohodln\u00e9 a spolehliv\u00e9 filtrov\u00e1n\u00ed p\u0159i pr\u00e1ci s ledovou vodou. D\u00edky pr\u016fm\u011bru 59 cm se pytle snadno pln\u00ed a dob\u0159e sed\u00ed do v\u011bt\u0161iny standardn\u00edch n\u00e1dob.<\/p>\n<p>Pytle jsou vyroben\u00e9 z potravin\u00e1\u0159sk\u00e9 nylonov\u00e9 s\u00ed\u0165oviny, kter\u00e1 zaji\u0161\u0165uje dlouhou \u017eivotnost, rychl\u00e9 \u010di\u0161t\u011bn\u00ed a stabiln\u00ed v\u00fdsledky p\u0159i ka\u017ed\u00e9m pou\u017eit\u00ed.<\/p>\n<p>Technick\u00e9 specifikace \u2013 150L Ice Water Bags (micron sizes)<\/p>\n<p>Sada obsahuje 8 p\u0159esn\u00fdch filtra\u010dn\u00edch velikost\u00ed:<\/p>\n<ol>\n<li>220 \u03bcm<\/li>\n<li>190 \u03bcm<\/li>\n<li>160 \u03bcm<\/li>\n<li>120 \u03bcm<\/li>\n<li>90 \u03bcm<\/li>\n<li>73 \u03bcm<\/li>\n<li>45 \u03bcm<\/li>\n<li>25 \u03bcm<\/li>\n<\/ol>\n<p>Ka\u017ed\u00fd pytel je dimenzov\u00e1n pro hladk\u00fd pr\u016ftok a efektivn\u00ed separaci podle zvolen\u00e9ho mikronu.<\/p>\n","protected":false},"excerpt":{"rendered":"<p>Ice Water Bags \u2013 150L sada pro efektivn\u00ed ledovou extrakci Na\u0161e 150litrov\u00e1 (40galonov\u00e1) sada Ice Water Bags je navr\u017een\u00e1 pro pohodln\u00e9 a spolehliv\u00e9 filtrov\u00e1n\u00ed p\u0159i pr\u00e1ci s ledovou vodou. D\u00edky pr\u016fm\u011bru 59 cm se pytle snadno pln\u00ed a dob\u0159e sed\u00ed do v\u011bt\u0161iny standardn\u00edch n\u00e1dob. Pytle jsou vyroben\u00e9 z potravin\u00e1\u0159sk\u00e9 nylonov\u00e9 s\u00ed\u0165oviny, kter\u00e1 zaji\u0161\u0165uje dlouhou \u017eivotnost, [&hellip;]<\/p>\n","protected":false},"featured_media":6297,"comment_status":"open","ping_status":"closed","template":"","meta":[],"product_brand":[],"product_cat":[134],"product_tag":[],"class_list":{"0":"post-4513","1":"product","2":"type-product","3":"status-publish","4":"has-post-thumbnail","6":"product_cat-water-extraction-2-cs","8":"first","9":"instock","10":"shipping-taxable","11":"purchasable","12":"product-type-simple"},"_links":{"self":[{"href":"https:\/\/ogcrush.com\/cs\/wp-json\/wp\/v2\/product\/4513","targetHints":{"allow":["GET"]}}],"collection":[{"href":"https:\/\/ogcrush.com\/cs\/wp-json\/wp\/v2\/product"}],"about":[{"href":"https:\/\/ogcrush.com\/cs\/wp-json\/wp\/v2\/types\/product"}],"replies":[{"embeddable":true,"href":"https:\/\/ogcrush.com\/cs\/wp-json\/wp\/v2\/comments?post=4513"}],"wp:featuredmedia":[{"embeddable":true,"href":"https:\/\/ogcrush.com\/cs\/wp-json\/wp\/v2\/media\/6297"}],"wp:attachment":[{"href":"https:\/\/ogcrush.com\/cs\/wp-json\/wp\/v2\/media?parent=4513"}],"wp:term":[{"taxonomy":"product_brand","embeddable":true,"href":"https:\/\/ogcrush.com\/cs\/wp-json\/wp\/v2\/product_brand?post=4513"},{"taxonomy":"product_cat","embeddable":true,"href":"https:\/\/ogcrush.com\/cs\/wp-json\/wp\/v2\/product_cat?post=4513"},{"taxonomy":"product_tag","embeddable":true,"href":"https:\/\/ogcrush.com\/cs\/wp-json\/wp\/v2\/product_tag?post=4513"}],"curies":[{"name":"wp","href":"https:\/\/api.w.org\/{rel}","templated":true}]}}