{"id":4510,"date":"2024-11-15T15:31:32","date_gmt":"2024-11-15T14:31:32","guid":{"rendered":"https:\/\/ogcrush.com\/?post_type=product&#038;p=4510"},"modified":"2024-11-28T21:48:03","modified_gmt":"2024-11-28T20:48:03","slug":"sada-sit-pro-dry-sift","status":"publish","type":"product","link":"https:\/\/ogcrush.com\/cs\/product\/sada-sit-pro-dry-sift\/","title":{"rendered":"Sada S\u00edt pro Dry Sift"},"content":{"rendered":"<p><strong>S\u00edto pro Dry Sift<\/strong><\/p>\n<p>OGcrush st\u0159edn\u011b velk\u00e9 vysoce kvalitn\u00ed, velmi pevn\u00e1 trimovac\u00ed a sb\u011brac\u00ed s\u00edta. Tuto sadu dry siftov\u00fdch s\u00edt (4 s\u00edta v r\u016fzn\u00fdch mikronov\u00fdch velikostech) m\u016f\u017eete pou\u017e\u00edt k trimov\u00e1n\u00ed a sou\u010dasn\u011b sb\u00edrat Trichomy\/krystaly konop\u00ed. Z\u00e1rove\u0148 m\u016f\u017eete pou\u017e\u00edt fin\u00e1ln\u00ed su\u0161en\u00fd trim k v\u00fdrob\u011b vysoce kvalitn\u00edho kiefu\/dry siftu. Kr\u00e1sa m\u00edt r\u016fzn\u00e9 velikosti s\u00edt ti d\u00e1v\u00e1 mo\u017enost rozd\u011blit separovan\u00e9 trichomy do 4 r\u016fzn\u00fdch velikost\u00ed hlavi\u010dek! Pokud hled\u00e1\u0161 dokonalost p\u0159i v\u00fdrob\u011b fin\u00e1ln\u00edho Rosinu zlatist\u00fd barvy na tv\u00e9m OGcrush lisu, pak je tato sada pro tebe nutnost\u00ed.<\/p>\n<h3>Funkce:<\/h3>\n<ul>\n<li>Ka\u017ed\u00fd r\u00e1m je vyroben z hlin\u00edku pro dlouhou \u017eivotnost, tak\u017ee r\u00e1my a s\u00edta m\u016f\u017ee\u0161 velice snadno \u010distit samostatn\u011b<\/li>\n<li>Uvnit\u0159 na\u0161ich r\u00e1m\u016f pou\u017e\u00edv\u00e1me pouze nejjemn\u011bj\u0161\u00ed a nejkvalitn\u011bj\u0161\u00ed polyesterovou s\u00ed\u0165ovinu<\/li>\n<li>Vrcholem je, \u017ee n\u00e1\u0161 r\u00e1m o tlou\u0161\u0165ce 250 mikron\u016f je mnohem tlust\u0161\u00ed ne\u017e ostatn\u00ed r\u00e1my, tak\u017ee kdy\u017e siftuje\u0161, tv\u016fj trim sed\u00ed tam, kde m\u00e1 a to je uvnit\u0159 siftovac\u00edho s\u00edta<\/li>\n<li>Logo OGcrush na ka\u017ed\u00e9m r\u00e1mu s p\u0159\u00edslu\u0161nou velikost\u00ed mikron\u016f pro snadnou orientaci<\/li>\n<\/ul>\n<h3>Specifikace setu:<\/h3>\n<ul>\n<li>\u010cty\u0159i (4) monofiln\u00ed polyesterov\u00e1 s\u00edta<\/li>\n<li>Rozm\u011bry spodn\u00edch r\u00e1m\u016f: 66 x 33 x 4 cm<\/li>\n<li>Velikost s\u00ed\u0165oviny: 250\u00b5, 190\u00b5, 149\u00b5 a 75\u00b5<\/li>\n<li>Hlin\u00edkov\u00e9 r\u00e1my pro dlouhou \u017eivotnost a snadn\u00e9 \u010di\u0161t\u011bn\u00ed<\/li>\n<\/ul>\n<p>Pomoc\u00ed na\u0161ich s\u00edt bude\u0161 moci efektivn\u011b odd\u011blit hlavy trichom\u016f od rostlinn\u00e9ho materi\u00e1lu p\u0159i pou\u017eit\u00ed horn\u00edho s\u00edta 250\u00b5, kde ti s\u00edto 165\u00b5 pom\u016f\u017ee vy\u010distit kontaminanty, kter\u00e9 pro\u0161ly p\u0159i prov\u00e1d\u011bn\u00ed prvn\u00ed separace trimu. V\u011bt\u0161ina kontaminant\u016f z\u016fst\u00e1v\u00e1 na s\u00edte 165u a kdy\u017e se to ud\u011bl\u00e1 spr\u00e1vn\u011b, na n\u00ed\u017ee um\u00edstn\u011bn\u00fdch sit\u00e1ch by nem\u011bly b\u00fdt \u017e\u00e1dn\u00e9 ne\u010distoty. Sekund\u00e1rn\u00ed s\u00edta jsou extr\u00e9mn\u011b d\u016fle\u017eit\u00e1 pro dosa\u017een\u00ed st\u00e1l\u00e9 kvality p\u0159i dry siftov\u00e1n\u00ed.<\/p>\n<h2><a href=\"https:\/\/youtube.com\/shorts\/02Ul-DiAIa4?feature=share\"><strong>S\u00edto pro Dry Sift<\/strong>\u00a0video manu\u00e1l<\/a><\/h2>\n","protected":false},"excerpt":{"rendered":"<p>S\u00edto pro Dry Sift<\/p>\n<p>OGcrush st\u0159edn\u011b velk\u00e9 vysoce kvalitn\u00ed, velmi pevn\u00e1 trimovac\u00ed a sb\u011brac\u00ed s\u00edta. Tuto sadu dry siftov\u00fdch s\u00edt (4 s\u00edta v r\u016fzn\u00fdch mikronov\u00fdch velikostech) m\u016f\u017eete pou\u017e\u00edt k trimov\u00e1n\u00ed a sou\u010dasn\u011b sb\u00edrat Trichomy\/krystaly konop\u00ed. Z\u00e1rove\u0148 m\u016f\u017eete pou\u017e\u00edt fin\u00e1ln\u00ed su\u0161en\u00fd trim k v\u00fdrob\u011b vysoce kvalitn\u00edho kiefu\/dry siftu. Kr\u00e1sa m\u00edt r\u016fzn\u00e9 velikosti s\u00edt ti d\u00e1v\u00e1 mo\u017enost rozd\u011blit separovan\u00e9 trichomy do 4 r\u016fzn\u00fdch velikost\u00ed hlavi\u010dek! Pokud hled\u00e1\u0161 dokonalost p\u0159i v\u00fdrob\u011b fin\u00e1ln\u00edho Rosinu zlatist\u00fd barvy na tv\u00e9m OGcrush lisu, pak je tato sada pro tebe nutnost\u00ed.<\/p>\n","protected":false},"featured_media":634,"comment_status":"open","ping_status":"closed","template":"","meta":[],"product_brand":[],"product_cat":[81],"product_tag":[],"class_list":{"0":"post-4510","1":"product","2":"type-product","3":"status-publish","4":"has-post-thumbnail","6":"product_cat-sucha-extrakce","8":"first","9":"instock","10":"shipping-taxable","11":"purchasable","12":"product-type-simple"},"_links":{"self":[{"href":"https:\/\/ogcrush.com\/cs\/wp-json\/wp\/v2\/product\/4510","targetHints":{"allow":["GET"]}}],"collection":[{"href":"https:\/\/ogcrush.com\/cs\/wp-json\/wp\/v2\/product"}],"about":[{"href":"https:\/\/ogcrush.com\/cs\/wp-json\/wp\/v2\/types\/product"}],"replies":[{"embeddable":true,"href":"https:\/\/ogcrush.com\/cs\/wp-json\/wp\/v2\/comments?post=4510"}],"wp:featuredmedia":[{"embeddable":true,"href":"https:\/\/ogcrush.com\/cs\/wp-json\/wp\/v2\/media\/634"}],"wp:attachment":[{"href":"https:\/\/ogcrush.com\/cs\/wp-json\/wp\/v2\/media?parent=4510"}],"wp:term":[{"taxonomy":"product_brand","embeddable":true,"href":"https:\/\/ogcrush.com\/cs\/wp-json\/wp\/v2\/product_brand?post=4510"},{"taxonomy":"product_cat","embeddable":true,"href":"https:\/\/ogcrush.com\/cs\/wp-json\/wp\/v2\/product_cat?post=4510"},{"taxonomy":"product_tag","embeddable":true,"href":"https:\/\/ogcrush.com\/cs\/wp-json\/wp\/v2\/product_tag?post=4510"}],"curies":[{"name":"wp","href":"https:\/\/api.w.org\/{rel}","templated":true}]}}