{"id":4509,"date":"2024-11-15T15:31:32","date_gmt":"2024-11-15T14:31:32","guid":{"rendered":"https:\/\/ogcrush.com\/?post_type=product&#038;p=4509"},"modified":"2024-11-15T15:51:28","modified_gmt":"2024-11-15T14:51:28","slug":"poloautomaticky-plnici-stroj-na-vaporizery-mcf2c","status":"publish","type":"product","link":"https:\/\/ogcrush.com\/cs\/product\/poloautomaticky-plnici-stroj-na-vaporizery-mcf2c\/","title":{"rendered":"POLOAUTOMATICK\u00dd PLNIC\u00cd STROJ NA VAPORIZ\u00c9RY &#8211; (MCF2C)"},"content":{"rendered":"<div class=\"elementor-element elementor-element-e4ef977 elementor-widget elementor-widget-heading gmail-animated gmail-fadeIn\">\n<div class=\"elementor-widget-container\">\n<p class=\"elementor-heading-title elementor-size-xl\"><strong>POLOAUTOMATICK\u00dd PLNIC\u00cd STROJ NA VAPORIZ\u00c9RY &#8211; (MCF2C)<\/strong><\/p>\n<\/div>\n<\/div>\n<div class=\"elementor-element elementor-element-8533e78 gmail-animated-fast elementor-widget elementor-widget-text-editor gmail-animated gmail-fadeIn\">\n<div class=\"elementor-widget-container\">\n<div class=\"elementor-text-editor elementor-clearfix\">\n<p>Americk\u00fd, patentovan\u00fd, cETLus certifikovan\u00fd, CE certifikovan\u00fd a GMP p\u0159ipraven\u00fd poloautomatick\u00fd plnic\u00ed stroj MCF2C je ovl\u00e1d\u00e1n no\u017en\u00edm ped\u00e1lem a navr\u017een pro pln\u011bn\u00ed jak\u00e9hokoli za\u0159\u00edzen\u00ed na olejov\u00e9 vaporiz\u00e9ry dostupn\u00e9ho na trhu.<\/p>\n<h3 class=\"elementor-image-box-title\">Univerz\u00e1ln\u00ed<\/h3>\n<p class=\"elementor-image-box-description\">Pln\u00ed v\u0161echny typy cartridg\u00ed a POD\u016f, stejn\u011b jako kapsle, injek\u010dn\u00ed st\u0159\u00edka\u010dky a sklenice. B\u011bhem provozu dopl\u0148ujte sklen\u011bnou 500ml vyh\u0159\u00edvanou n\u00e1dr\u017e na olej. P\u0159esn\u011b nastavte objem d\u00e1vky a\u017e na 4,5 ml.<\/p>\n<div class=\"elementor-element elementor-element-90a1267 elementor-position-left elementor-vertical-align-top elementor-widget elementor-widget-image-box\">\n<div class=\"elementor-widget-container\">\n<div class=\"elementor-image-box-wrapper\">\n<div class=\"elementor-image-box-content\">\n<h3>D\u00e1vkov\u00e1n\u00ed olej\u016f s vysokou a n\u00edzkou viskozitou<\/h3>\n<\/div>\n<\/div>\n<\/div>\n<\/div>\n<div class=\"elementor-element elementor-element-f26e538 elementor-position-left elementor-vertical-align-top elementor-widget elementor-widget-image-box\">\n<div class=\"elementor-widget-container\">\n<div class=\"elementor-image-box-wrapper\">\n<div class=\"elementor-image-box-content\">\n<p class=\"elementor-image-box-description\">Automatick\u00e1 digit\u00e1ln\u00ed regulace teploty s patentovan\u00fdm syst\u00e9mem vyh\u0159\u00edvan\u00e9ho d\u00e1vkov\u00e1n\u00ed oleje reguluje viskozitu oleje. Pl\u0148te oleje s vysokou viskozitou s extr\u00e9mn\u00ed p\u0159esnost\u00ed, preciznost\u00ed a opakovatelnost\u00ed. Jemn\u011b dola\u010fte rychlost a s\u00edlu d\u00e1vkov\u00e1n\u00ed pro oleje s ni\u017e\u0161\u00ed viskozitou.<\/p>\n<h3 class=\"elementor-image-box-title\">Rychl\u00e1 v\u00fdm\u011bna olejov\u00fdch formulac\u00ed a \u010di\u0161t\u011bn\u00ed syst\u00e9mu<\/h3>\n<p class=\"elementor-image-box-description\">Vym\u011b\u0148te potravin\u00e1\u0159sk\u00e9, laboratorn\u011b certifikovan\u00e9 komponenty d\u00e1vkovac\u00edho syst\u00e9mu za m\u00e9n\u011b ne\u017e jednu minutu pro zm\u011bnu olejov\u00fdch formulac\u00ed. Rychle vy\u010dist\u011bte d\u00e1vkovac\u00ed komponenty s m\u00e9n\u011b ne\u017e gramovou ztr\u00e1tou. Sou\u010d\u00e1st\u00ed balen\u00ed jsou dv\u011b kompletn\u00ed sady d\u00e1vkovac\u00edch komponent.<\/p>\n<div class=\"elementor-column elementor-col-50 elementor-inner-column elementor-element elementor-element-396fbc5 gmail-animated gmail-slideInLeft\">\n<div class=\"elementor-column-wrap elementor-element-populated\">\n<div class=\"elementor-widget-wrap\">\n<div class=\"elementor-element elementor-element-6430623 elementor-position-left elementor-vertical-align-top elementor-widget elementor-widget-image-box\">\n<div class=\"elementor-widget-container\">\n<div class=\"elementor-image-box-wrapper\">\n<div class=\"elementor-image-box-content\">\n<h3 class=\"elementor-image-box-title\">Patentov\u00e1no a Certifikov\u00e1no<\/h3>\n<p class=\"elementor-image-box-description\">Patentov\u00e1no (patent Spojen\u00fdch st\u00e1t\u016f \u010d. 10,440,989), certifikov\u00e1no cETLus pro USA a Kanadu (UL 61010-1, UL 61010-2, UL508, CSA C22.2, IEC 61010-1) a certifikov\u00e1no CE pro EU. Dodr\u017euje p\u0159\u00edsn\u00e9 pokyny pro spr\u00e1vnou v\u00fdrobn\u00ed praxi vy\u017eadovan\u00e9 pro pr\u00e1vn\u00ed soulad.<\/p>\n<p class=\"elementor-image-box-description\"><strong style=\"font-size: 24px;\">American-Made<\/strong><\/p>\n<\/div>\n<\/div>\n<\/div>\n<\/div>\n<\/div>\n<\/div>\n<\/div>\n<div class=\"elementor-column elementor-col-50 elementor-inner-column elementor-element elementor-element-9728597 gmail-animated gmail-slideInRight\">\n<div class=\"elementor-column-wrap elementor-element-populated\">\n<div class=\"elementor-widget-wrap\">\n<div class=\"elementor-element elementor-element-13b6c21 elementor-widget elementor-widget-image\">\n<div class=\"elementor-widget-container\">\n<p class=\"elementor-image-box-description\">Navr\u017eeno, vyrobeno, distribuov\u00e1no a patentov\u00e1no ve Spojen\u00fdch st\u00e1tech americk\u00fdch. Pr\u016fmyslov\u00fd kontroln\u00ed syst\u00e9m s vyhovuj\u00edc\u00edmi materi\u00e1ly a d\u00e1vkovac\u00edmi komponenty. Nerezov\u00e9 zp\u011btn\u00e9 ventily speci\u00e1ln\u011b navr\u017een\u00e9 a vyroben\u00e9 pro aplikace pln\u011bn\u00ed olejem. V\u00fdjime\u010dn\u00e1 z\u00e1kaznick\u00e1 podpora je k dispozici po celou dobu \u017eivotnosti stroje.<\/p>\n<h3 class=\"elementor-image-box-title\">P\u0159enosn\u00e9<\/h3>\n<p class=\"elementor-image-box-description\">Lehk\u00fd a p\u0159enosn\u00fd stoln\u00ed design pro rychl\u00e9 a snadn\u00e9 nastaven\u00ed, provoz a \u010di\u0161t\u011bn\u00ed. D\u00e1vkovac\u00ed syst\u00e9m ovl\u00e1dan\u00fd no\u017en\u00edm ped\u00e1lem.<\/p>\n<\/div>\n<\/div>\n<\/div>\n<\/div>\n<\/div>\n<\/div>\n<\/div>\n<\/div>\n<\/div>\n<\/div>\n<\/div>\n<\/div>\n","protected":false},"excerpt":{"rendered":"<p>Americk\u00fd, patentovan\u00fd, cETLus certifikovan\u00fd, CE certifikovan\u00fd a GMP p\u0159ipraven\u00fd poloautomatick\u00fd plnic\u00ed stroj MCF2C je ovl\u00e1d\u00e1n no\u017en\u00edm ped\u00e1lem a navr\u017een pro pln\u011bn\u00ed jak\u00e9hokoli za\u0159\u00edzen\u00ed na olejov\u00e9 vaporiz\u00e9ry dostupn\u00e9ho na trhu.<\/p>\n","protected":false},"featured_media":631,"comment_status":"open","ping_status":"closed","template":"","meta":[],"product_brand":[],"product_cat":[80],"product_tag":[],"class_list":{"0":"post-4509","1":"product","2":"type-product","3":"status-publish","4":"has-post-thumbnail","6":"product_cat-plnicka-cartridgu-a-podu","8":"first","9":"instock","10":"shipping-taxable","11":"purchasable","12":"product-type-simple"},"_links":{"self":[{"href":"https:\/\/ogcrush.com\/cs\/wp-json\/wp\/v2\/product\/4509","targetHints":{"allow":["GET"]}}],"collection":[{"href":"https:\/\/ogcrush.com\/cs\/wp-json\/wp\/v2\/product"}],"about":[{"href":"https:\/\/ogcrush.com\/cs\/wp-json\/wp\/v2\/types\/product"}],"replies":[{"embeddable":true,"href":"https:\/\/ogcrush.com\/cs\/wp-json\/wp\/v2\/comments?post=4509"}],"wp:featuredmedia":[{"embeddable":true,"href":"https:\/\/ogcrush.com\/cs\/wp-json\/wp\/v2\/media\/631"}],"wp:attachment":[{"href":"https:\/\/ogcrush.com\/cs\/wp-json\/wp\/v2\/media?parent=4509"}],"wp:term":[{"taxonomy":"product_brand","embeddable":true,"href":"https:\/\/ogcrush.com\/cs\/wp-json\/wp\/v2\/product_brand?post=4509"},{"taxonomy":"product_cat","embeddable":true,"href":"https:\/\/ogcrush.com\/cs\/wp-json\/wp\/v2\/product_cat?post=4509"},{"taxonomy":"product_tag","embeddable":true,"href":"https:\/\/ogcrush.com\/cs\/wp-json\/wp\/v2\/product_tag?post=4509"}],"curies":[{"name":"wp","href":"https:\/\/api.w.org\/{rel}","templated":true}]}}