{"id":4483,"date":"2024-11-15T15:31:18","date_gmt":"2024-11-15T14:31:18","guid":{"rendered":"https:\/\/ogcrush.com\/?post_type=product&#038;p=4483"},"modified":"2025-11-02T14:18:41","modified_gmt":"2025-11-02T13:18:41","slug":"extrakcni-nylonove-sacky-15-%c2%b5","status":"publish","type":"product","link":"https:\/\/ogcrush.com\/cs\/product\/extrakcni-nylonove-sacky-15-%c2%b5\/","title":{"rendered":"Extrak\u010dn\u00ed nylonov\u00e9 s\u00e1\u010dky &#8211; 15 \u00b5"},"content":{"rendered":"<p><strong>Extrak\u010dn\u00ed nylonov\u00e9 s\u00e1\u010dky<\/strong><\/p>\n<h3>Funkce<\/h3>\n<ul>\n<li>Rozm\u011br: 51 x 102 mm<\/li>\n<li>100% nylonov\u00e9 extrak\u010dn\u00ed filtry pro kv\u011bty<\/li>\n<li>Tepeln\u011b odoln\u00fd a\u017e do &lt; 300 \u00b0F \/ 149 \u00b0C<\/li>\n<li>Potravin\u00e1\u0159sk\u00e1 kvalita<\/li>\n<li>Bez zabarven\u00ed<\/li>\n<\/ul>\n<h3 class=\"s8gg2 _2UIKs\" data-hook=\"info-section-title\">Specifikace<\/h3>\n<div class=\"_2tV5m cell\">\n<ul>\n<li>Materi\u00e1l: tepeln\u011b odoln\u00e1 nylonov\u00e1 s\u00ed\u0165<\/li>\n<li>\u0160\u00ed\u0159ka:102 mm<\/li>\n<li>D\u00e9lka: 51 mm<\/li>\n<li>Mikron\u016f: 15 \u00b5<\/li>\n<li>Barva: b\u00edl\u00e1<\/li>\n<\/ul>\n<\/div>\n<h3>Doporu\u010den\u00ed<\/h3>\n<ul>\n<li>Max. teplota: &lt; 300 \u00b0F \/ 149 \u00b0C<\/li>\n<li>Nepou\u017e\u00edvejte v\u00edce ne\u017e 8 g kv\u011btin<\/li>\n<li>Doporu\u010deno pouze pro jedno pou\u017eit\u00ed<\/li>\n<\/ul>\n<h3>Souvisej\u00edci produkty<\/h3>\n<ul>\n<li><a href=\"\/?p=1369\">P\u0159edlisovac\u00ed forma ve tvaru v\u00e1lce<\/a><\/li>\n<li><a href=\"\/?p=1359\">P\u0159edlisovac\u00ed forma ve tvaru puku<\/a><\/li>\n<\/ul>\n","protected":false},"excerpt":{"rendered":"<p>15 \u00b5<\/p>\n","protected":false},"featured_media":742,"comment_status":"open","ping_status":"closed","template":"","meta":[],"product_brand":[],"product_cat":[83],"product_tag":[],"class_list":{"0":"post-4483","1":"product","2":"type-product","3":"status-publish","4":"has-post-thumbnail","6":"product_cat-rosin-press-prislusenstvi","8":"first","9":"instock","10":"shipping-taxable","11":"purchasable","12":"product-type-variable","13":"has-default-attributes"},"_links":{"self":[{"href":"https:\/\/ogcrush.com\/cs\/wp-json\/wp\/v2\/product\/4483","targetHints":{"allow":["GET"]}}],"collection":[{"href":"https:\/\/ogcrush.com\/cs\/wp-json\/wp\/v2\/product"}],"about":[{"href":"https:\/\/ogcrush.com\/cs\/wp-json\/wp\/v2\/types\/product"}],"replies":[{"embeddable":true,"href":"https:\/\/ogcrush.com\/cs\/wp-json\/wp\/v2\/comments?post=4483"}],"wp:featuredmedia":[{"embeddable":true,"href":"https:\/\/ogcrush.com\/cs\/wp-json\/wp\/v2\/media\/742"}],"wp:attachment":[{"href":"https:\/\/ogcrush.com\/cs\/wp-json\/wp\/v2\/media?parent=4483"}],"wp:term":[{"taxonomy":"product_brand","embeddable":true,"href":"https:\/\/ogcrush.com\/cs\/wp-json\/wp\/v2\/product_brand?post=4483"},{"taxonomy":"product_cat","embeddable":true,"href":"https:\/\/ogcrush.com\/cs\/wp-json\/wp\/v2\/product_cat?post=4483"},{"taxonomy":"product_tag","embeddable":true,"href":"https:\/\/ogcrush.com\/cs\/wp-json\/wp\/v2\/product_tag?post=4483"}],"curies":[{"name":"wp","href":"https:\/\/api.w.org\/{rel}","templated":true}]}}