{"id":4475,"date":"2024-11-15T15:31:17","date_gmt":"2024-11-15T14:31:17","guid":{"rendered":"https:\/\/ogcrush.com\/?post_type=product&#038;p=4475"},"modified":"2024-11-28T21:46:53","modified_gmt":"2024-11-28T20:46:53","slug":"rosin-lis-10t-ogpro","status":"publish","type":"product","link":"https:\/\/ogcrush.com\/cs\/product\/rosin-lis-10t-ogpro\/","title":{"rendered":"Rosin Lis 10T &#8211; OGPRO"},"content":{"rendered":"<p dir=\"ltr\"><strong>Rosin lis 10T &#8211; OGPRO. Hrd\u011b vyrobeno v \u010cesk\u00e9 Republice.<\/strong><\/p>\n<div dir=\"ltr\">\n<h3 class=\"gmail-s8gg2 gmail-_2UIKs\">Funkce<\/h3>\n<div class=\"gmail-rah-static gmail-rah-static--height-auto\">\n<div class=\"gmail-_1yvxJ gmail-cell\">\n<div class=\"gmail-WncCi\">\n<ul>\n<li>P\u0159enosn\u00fd hydraulick\u00fd rosin extraktor<\/li>\n<li>100 x 175 mm anodizovan\u00e9 du\u00e1ln\u00ed topn\u00e9 desky z\u016fst\u00e1vaj\u00ed v dokonal\u00e9m vyrovn\u00e1n\u00ed lisov\u00e1n\u00edm<\/li>\n<li>4 kusy line\u00e1rn\u00edch lo\u017eisek zaru\u010duj\u00ed skv\u011blou sestavu<\/li>\n<li>Skv\u011bl\u00e9 izola\u010dn\u00ed vlastnosti, rychl\u00e9 zah\u0159\u00e1t\u00ed, schopnost dos\u00e1hnout nastaven\u00e9 teploty v minut\u00e1ch, ochrana jednotky p\u0159ed p\u0159eh\u0159\u00e1t\u00edm, ochrana terpen\u016f<\/li>\n<li>Pro pr\u016fmyslov\u00e9 nebo osobn\u00ed pou\u017eit\u00ed<\/li>\n<li><span class=\"Y2IQFc\" lang=\"cs\">Extern\u00ed ru\u010dn\u00ed pumpa BVA (p100) s manometrem<\/span><\/li>\n<li><a href=\"http:\/\/www.bvahydraulics.com\/ProductDetails\/BVA%20Hydraulics\/2SpeedAluminumHandPump61inReservoir\/P1000\/338\" target=\"_blank\" rel=\"noopener\">BVA \u00a0Hydraulick\u00e9 ru\u010dn\u00ed \u010derpadlo P1000 Specifikace &#8211; Celo\u017eivotn\u00ed z\u00e1ruka prost\u0159ednictv\u00edm BVA<\/a><\/li>\n<li>BVA 10t hydraulicky-valec<\/li>\n<\/ul>\n<h3 class=\"gmail-s8gg2 gmail-_2UIKs\">Specifikace<\/h3>\n<div class=\"gmail-rah-static gmail-rah-static--height-auto\">\n<div class=\"gmail-_1yvxJ gmail-cell\">\n<div class=\"gmail-WncCi\">\n<ul>\n<li>Materi\u00e1ly: hlin\u00edk 6061 vyh\u0159\u00edvac\u00ed desky, vodiace ty\u010de z nerezov\u00e9 oceli<\/li>\n<li>Teplotn\u00ed rozsah: 0 &#8211; 235 \u00b0F \/ 0 &#8211; 120 \u00b0C<\/li>\n<li>V\u00fdkon: 500 W<\/li>\n<li>Nap\u011bt\u00ed: 220 V<\/li>\n<li>Hmotnost lisu: 28,5 kg<\/li>\n<li>Celkov\u00e1 hmotnost: 35,5 kg<\/li>\n<li>Velikost balen\u00ed: 540x340x260mm<\/li>\n<li>Lisovac\u00ed plocha: 100 x 175 mm<\/li>\n<\/ul>\n<h3>Obsah balen\u00ed<\/h3>\n<div class=\"gmail-rah-static gmail-rah-static--height-auto\">\n<div class=\"gmail-_1yvxJ gmail-cell\">\n<div class=\"gmail-WncCi\">\n<ul>\n<li>Hydraulick\u00fd Rosin lis 10t kit<\/li>\n<li>2x magnety<\/li>\n<li>N\u00e1vod k pou\u017eit\u00ed<\/li>\n<li><a href=\"http:\/\/www.bvahydraulics.com\/ProductDetails\/BVA%20Hydraulics\/2SpeedAluminumHandPump61inReservoir\/P1000\/338\" target=\"_blank\" rel=\"noopener\">BVA \u00a0Hydraulick\u00e9 ru\u010dn\u00ed \u010derpadlo P1000 Specifikace &#8211; Celo\u017eivotn\u00ed z\u00e1ruka prost\u0159ednictv\u00edm BVA<\/a><\/li>\n<\/ul>\n<h3 class=\"gmail-s8gg2 gmail-_2UIKs\">Doporu\u010den\u00ed<\/h3>\n<div class=\"gmail-rah-static gmail-rah-static--height-auto\">\n<div class=\"gmail-_1yvxJ gmail-cell\">\n<div class=\"gmail-WncCi\">\n<ul>\n<li>Uchov\u00e1vejte mimo dosah d\u011bt\u00ed<\/li>\n<\/ul>\n<h3 class=\"gmail-s8gg2 gmail-_2UIKs\">Nastaven\u00ed PID regul\u00e1toru<\/h3>\n<ul>\n<li>Stiskn\u011bte tla\u010d\u00edtko \u25bc nebo \u25b2 od 0 do 9 pro po\u017eadovanou teplotu<\/li>\n<\/ul>\n<\/div>\n<\/div>\n<\/div>\n<\/div>\n<\/div>\n<\/div>\n<\/div>\n<\/div>\n<\/div>\n<\/div>\n<\/div>\n<\/div>\n<\/div>\n<p>Souvisej\u00edci produkty<\/p>\n<ul>\n<li><a href=\"\/?p=1369\">P\u0159edlisovac\u00ed forma ve tvaru v\u00e1lce<\/a><\/li>\n<li><a href=\"\/?p=1359\">P\u0159edlisovac\u00ed forma ve tvaru puku<\/a><\/li>\n<li><a href=\"\/?p=1737\">160<\/a>, <a href=\"\/?p=1715\">120<\/a>, <a href=\"\/?p=1704\">90<\/a>, <a href=\"\/?p=1696\">37<\/a>, <a href=\"\/?p=1726\">25<\/a>, 15 mikronov\u00fdch s\u00e1\u010dk\u016f<\/li>\n<li><a href=\"\/?p=1782\">Sklen\u011bn\u00e1 n\u00e1doba 5g<\/a><\/li>\n<\/ul>\n<h5><a href=\"https:\/\/www.youtube.com\/watch?v=hTyNnm3xh5g\">Rosin extraktor video manu\u00e1l<\/a><\/h5>\n","protected":false},"excerpt":{"rendered":"<p>Snadno p\u0159enosn\u00fd univerz\u00e1ln\u00ed 10t hydraulick\u00fd rosin lis. <strong>Hrd\u011b vyrobeno v \u010cesk\u00e9 Republice.<\/strong><\/p>\n<ul>\n<li><span class=\"Y2IQFc\" lang=\"cs\">Rosin Lis 10T s extern\u00ed ru\u010dn\u00ed pumpou BVA<\/span><\/li>\n<li>2x magnety<\/li>\n<li>N\u00e1vod k pou\u017eit\u00ed<\/li>\n<\/ul>\n","protected":false},"featured_media":656,"comment_status":"open","ping_status":"closed","template":"","meta":[],"product_brand":[],"product_cat":[86],"product_tag":[],"class_list":{"0":"post-4475","1":"product","2":"type-product","3":"status-publish","4":"has-post-thumbnail","6":"product_cat-rosin-press-2","7":"product_shipping_class-rosin-press-cs","9":"first","10":"instock","11":"featured","12":"shipping-taxable","13":"purchasable","14":"product-type-simple"},"_links":{"self":[{"href":"https:\/\/ogcrush.com\/cs\/wp-json\/wp\/v2\/product\/4475","targetHints":{"allow":["GET"]}}],"collection":[{"href":"https:\/\/ogcrush.com\/cs\/wp-json\/wp\/v2\/product"}],"about":[{"href":"https:\/\/ogcrush.com\/cs\/wp-json\/wp\/v2\/types\/product"}],"replies":[{"embeddable":true,"href":"https:\/\/ogcrush.com\/cs\/wp-json\/wp\/v2\/comments?post=4475"}],"wp:featuredmedia":[{"embeddable":true,"href":"https:\/\/ogcrush.com\/cs\/wp-json\/wp\/v2\/media\/656"}],"wp:attachment":[{"href":"https:\/\/ogcrush.com\/cs\/wp-json\/wp\/v2\/media?parent=4475"}],"wp:term":[{"taxonomy":"product_brand","embeddable":true,"href":"https:\/\/ogcrush.com\/cs\/wp-json\/wp\/v2\/product_brand?post=4475"},{"taxonomy":"product_cat","embeddable":true,"href":"https:\/\/ogcrush.com\/cs\/wp-json\/wp\/v2\/product_cat?post=4475"},{"taxonomy":"product_tag","embeddable":true,"href":"https:\/\/ogcrush.com\/cs\/wp-json\/wp\/v2\/product_tag?post=4475"}],"curies":[{"name":"wp","href":"https:\/\/api.w.org\/{rel}","templated":true}]}}