{"id":550,"date":"2024-10-30T08:03:44","date_gmt":"2024-10-30T07:03:44","guid":{"rendered":"https:\/\/ogcrush.com\/?page_id=550"},"modified":"2024-12-09T18:19:43","modified_gmt":"2024-12-09T17:19:43","slug":"kosik","status":"publish","type":"page","link":"https:\/\/ogcrush.com\/cs\/kosik\/","title":{"rendered":"Ko\u0161\u00edk"},"content":{"rendered":"\t\t<div data-elementor-type=\"wp-page\" data-elementor-id=\"550\" class=\"elementor elementor-550\" data-elementor-post-type=\"page\">\n\t\t\t\t\t\t<section class=\"elementor-section elementor-top-section elementor-element elementor-element-5a44301b elementor-section-boxed elementor-section-height-default elementor-section-height-default\" data-id=\"5a44301b\" data-element_type=\"section\" data-e-type=\"section\">\n\t\t\t\t\t\t<div class=\"elementor-container elementor-column-gap-default\">\n\t\t\t\t\t<div class=\"elementor-column elementor-col-100 elementor-top-column elementor-element elementor-element-71dbe8ce\" data-id=\"71dbe8ce\" data-element_type=\"column\" data-e-type=\"column\">\n\t\t\t<div class=\"elementor-widget-wrap elementor-element-populated\">\n\t\t\t\t\t\t<div class=\"elementor-element elementor-element-7d9ddee5 elementor-widget elementor-widget-heading\" data-id=\"7d9ddee5\" data-element_type=\"widget\" data-e-type=\"widget\" data-widget_type=\"heading.default\">\n\t\t\t\t<div class=\"elementor-widget-container\">\n\t\t\t\t\t<h2 class=\"elementor-heading-title elementor-size-default\">KO\u0160\u00cdK<\/h2>\t\t\t\t<\/div>\n\t\t\t\t<\/div>\n\t\t\t\t\t<\/div>\n\t\t<\/div>\n\t\t\t\t\t<\/div>\n\t\t<\/section>\n\t\t\t\t<section class=\"elementor-section elementor-top-section elementor-element elementor-element-9e33c98 elementor-section-boxed elementor-section-height-default elementor-section-height-default\" data-id=\"9e33c98\" data-element_type=\"section\" data-e-type=\"section\">\n\t\t\t\t\t\t<div class=\"elementor-container elementor-column-gap-default\">\n\t\t\t\t\t<div class=\"elementor-column elementor-col-100 elementor-top-column elementor-element elementor-element-414324f\" data-id=\"414324f\" data-element_type=\"column\" data-e-type=\"column\">\n\t\t\t<div class=\"elementor-widget-wrap elementor-element-populated\">\n\t\t\t\t\t\t\t<\/div>\n\t\t<\/div>\n\t\t\t\t\t<\/div>\n\t\t<\/section>\n\t\t<div class=\"elementor-element elementor-element-b23541f e-flex e-con-boxed e-con e-parent\" data-id=\"b23541f\" data-element_type=\"container\" data-e-type=\"container\">\n\t\t\t\t\t<div class=\"e-con-inner\">\n\t\t\t\t<div class=\"elementor-element elementor-element-eb32e6f elementor-widget elementor-widget-spacer\" data-id=\"eb32e6f\" data-element_type=\"widget\" data-e-type=\"widget\" data-widget_type=\"spacer.default\">\n\t\t\t\t<div class=\"elementor-widget-container\">\n\t\t\t\t\t\t\t<div class=\"elementor-spacer\">\n\t\t\t<div class=\"elementor-spacer-inner\"><\/div>\n\t\t<\/div>\n\t\t\t\t\t\t<\/div>\n\t\t\t\t<\/div>\n\t\t\t\t\t<\/div>\n\t\t\t\t<\/div>\n\t\t\t\t<\/div>\n\t\t","protected":false},"excerpt":{"rendered":"<p>KO\u0160\u00cdK Odstranit polo\u017eku N\u00e1hled Produkt Cena Mno\u017estv\u00ed Mezisou\u010det &times; True full melt Sweatshirt 73u Micron \u2013 black &#8211; M 1,270,00&nbsp;&#75;&#269; True full melt Sweatshirt 73u Micron \u2013 black &#8211; M&nbsp; mno\u017estv\u00ed 2,540,00&nbsp;&#75;&#269; &times; IZRC PR\u016eMYSLOV\u00dd AUTOMATICK\u00dd PLN\u00cdC\u00cd STROJ 993,000,00&nbsp;&#75;&#269; IZRC PR\u016eMYSLOV\u00dd AUTOMATICK\u00dd PLN\u00cdC\u00cd STROJ&nbsp; mno\u017estv\u00ed 993,000,00&nbsp;&#75;&#269; &times; Extrak\u010dn\u00ed nylonov\u00e9 s\u00e1\u010dky &#8211; 15 \u00b5 &#8211; 30 [&hellip;]<\/p>\n","protected":false},"author":1,"featured_media":0,"parent":0,"menu_order":0,"comment_status":"closed","ping_status":"closed","template":"elementor_header_footer","meta":{"footnotes":""},"class_list":["post-550","page","type-page","status-publish","hentry"],"_links":{"self":[{"href":"https:\/\/ogcrush.com\/cs\/wp-json\/wp\/v2\/pages\/550","targetHints":{"allow":["GET"]}}],"collection":[{"href":"https:\/\/ogcrush.com\/cs\/wp-json\/wp\/v2\/pages"}],"about":[{"href":"https:\/\/ogcrush.com\/cs\/wp-json\/wp\/v2\/types\/page"}],"author":[{"embeddable":true,"href":"https:\/\/ogcrush.com\/cs\/wp-json\/wp\/v2\/users\/1"}],"replies":[{"embeddable":true,"href":"https:\/\/ogcrush.com\/cs\/wp-json\/wp\/v2\/comments?post=550"}],"version-history":[{"count":46,"href":"https:\/\/ogcrush.com\/cs\/wp-json\/wp\/v2\/pages\/550\/revisions"}],"predecessor-version":[{"id":6132,"href":"https:\/\/ogcrush.com\/cs\/wp-json\/wp\/v2\/pages\/550\/revisions\/6132"}],"wp:attachment":[{"href":"https:\/\/ogcrush.com\/cs\/wp-json\/wp\/v2\/media?parent=550"}],"curies":[{"name":"wp","href":"https:\/\/api.w.org\/{rel}","templated":true}]}}